{"id":61830,"date":"2024-01-10T16:54:29","date_gmt":"2024-01-10T16:54:29","guid":{"rendered":"https:\/\/epicadventurescr.com\/product\/damas-mangroves-kayak-tour\/"},"modified":"2024-06-18T15:08:13","modified_gmt":"2024-06-18T15:08:13","slug":"damas-mangroves-kayak-tour","status":"publish","type":"product","link":"https:\/\/epicadventurescr.com\/es\/producto\/damas-mangroves-kayak-tour\/","title":{"rendered":"Damas Mangroves Kayak Tour"},"content":{"rendered":"\t\t<div data-elementor-type=\"product-post\" data-elementor-id=\"61830\" class=\"elementor elementor-61830 elementor-61780\" data-elementor-post-type=\"product\">\n\t\t\t\t\t\t<section class=\"elementor-section elementor-top-section elementor-element elementor-element-8b5aec4 elementor-section-boxed elementor-section-height-default elementor-section-height-default\" data-id=\"8b5aec4\" data-element_type=\"section\" data-e-type=\"section\">\n\t\t\t\t\t\t<div class=\"elementor-container elementor-column-gap-default\">\n\t\t\t\t\t<div class=\"elementor-column elementor-col-50 elementor-top-column elementor-element elementor-element-b49c7a9\" data-id=\"b49c7a9\" data-element_type=\"column\" data-e-type=\"column\">\n\t\t\t<div class=\"elementor-widget-wrap elementor-element-populated\">\n\t\t\t\t\t\t<div class=\"elementor-element elementor-element-9b49d51 elementor-widget__width-initial elementor-widget elementor-widget-text-editor\" data-id=\"9b49d51\" data-element_type=\"widget\" data-e-type=\"widget\" data-widget_type=\"text-editor.default\">\n\t\t\t\t<div class=\"elementor-widget-container\">\n\t\t\t\t\t\t\t\t\t<div class=\"entry-content\">\n<section class=\"wpb-content-wrapper\">\n<div class=\"vc_row wpb_row vc_row-fluid\">\n<div class=\"wpb_column vc_column_container vc_col-sm-9\">\n<div class=\"vc_column-inner\">\n<div class=\"wpb_wrapper\">\n<div class=\"wpb_text_column wpb_content_element \">\n<div class=\"wpb_wrapper\">\n<article id=\"post-60200\" class=\"post-60200 post type-post status-publish format-standard hentry category-tours-2 category-uncategorized ast-article-single\">\n<div class=\"ast-post-format- ast-no-thumb single-layout-1\">\n<div class=\"entry-content clear\">\n<h2>Pase unas horas preciosas remando por los tranquilos arroyos y canales de Isla Damas con nosotros, sumergi\u00e9ndose en impresionantes manglares en nuestra excursi\u00f3n de medio d\u00eda en kayak.<\/h2>\n<p>Nuestros expertos gu\u00edas naturalistas le mostrar\u00e1n las v\u00edas fluviales protegidas del estuario de la isla Damas, un para\u00edso para los observadores de aves.<\/p>\n<p>Mientras rema suavemente en kayaks abiertos por este bosque inundado, no pierda de vista las numerosas especies de garzas que acechan las aguas poco profundas, como las majestuosas garcetas grandes, las garcillas n\u00edveas y la escurridiza garza real, que sale por la noche. Los coloridos pel\u00edcanos pardos pueden planear en formaci\u00f3n, mientras los grandes cormoranes secan sus alas tras una profunda inmersi\u00f3n en busca de peces. Las \u00e1guilas pescadoras gritan desde lo alto de los \u00e1rboles muertos, escudri\u00f1ando el agua en busca de presas desprevenidas.<\/p>\n<p>Navegue tranquilamente por este para\u00edso natural, con el suave sonido de los remos sumergi\u00e9ndose suavemente en las aguas tranquilas. Los manglares de la isla de Damas ofrecen una perspectiva exuberante tanto para aventuras ornitol\u00f3gicas como para relajarse. Vaya a su propio ritmo en nuestra excursi\u00f3n en kayak mientras nuestros gu\u00edas expertos comparten conocimientos sobre la ecolog\u00eda adaptados a sus intereses.<\/p>\n<p>Despu\u00e9s, rel\u00e1jese con un cl\u00e1sico almuerzo costarricense en nuestro restaurante cercano: \u00a1pura vida! Esperamos que se vaya con el mismo profundo aprecio por estas maravillas que proporcionan un h\u00e1bitat cr\u00edtico para tantas especies de aves.<\/p>\n<p>Esta es una oportunidad \u00fanica de recorrer en kayak los impresionantes manglares de la impresionante isla Damas de Costa Rica. Reserve hoy mismo su plaza con el principal operador tur\u00edstico de Manuel Antonio, Epic Adventures Costa Rica. Nuestros gu\u00edas naturalistas tienen un conocimiento incomparable de los ecosistemas locales.<\/p>\n<\/div>\n<\/div>\n<\/article>\n<\/div>\n<\/div>\n<\/div>\n<\/div>\n<\/div>\n<\/div>\n<\/section>\n<\/div>\n\t\t\t\t\t\t\t\t<\/div>\n\t\t\t\t<\/div>\n\t\t\t\t\t<\/div>\n\t\t<\/div>\n\t\t\t\t<div class=\"elementor-column elementor-col-50 elementor-top-column elementor-element elementor-element-854dc2c\" data-id=\"854dc2c\" data-element_type=\"column\" data-e-type=\"column\">\n\t\t\t<div class=\"elementor-widget-wrap elementor-element-populated\">\n\t\t\t\t\t\t<div class=\"elementor-element elementor-element-19f3b49 elementor-widget elementor-widget-formidable\" data-id=\"19f3b49\" data-element_type=\"widget\" data-e-type=\"widget\" data-widget_type=\"formidable.default\">\n\t\t\t\t<div class=\"elementor-widget-container\">\n\t\t\t\t\t<div class=\"frm_forms  with_frm_style frm_style_formidable-style\" id=\"frm_form_2_container\" data-token=\"b50ef59c1f8ce6c9b54c43601fc09311\">\n<form enctype=\"multipart\/form-data\" method=\"post\" class=\"frm-show-form  frm_pro_form \" id=\"form_reserveyourtour\" data-token=\"b50ef59c1f8ce6c9b54c43601fc09311\">\n<div class=\"frm_form_fields \">\n<fieldset>\n<legend class=\"frm_screen_reader\">Reserve your tour!<\/legend>\r\n\r\n<div class=\"frm_fields_container\">\n<input type=\"hidden\" name=\"frm_action\" value=\"create\" \/>\n<input type=\"hidden\" name=\"form_id\" value=\"2\" \/>\n<input type=\"hidden\" name=\"frm_hide_fields_2\" id=\"frm_hide_fields_2\" value=\"\" \/>\n<input type=\"hidden\" name=\"form_key\" value=\"reserveyourtour\" \/>\n<input type=\"hidden\" name=\"item_meta[0]\" value=\"\" \/>\n<input type=\"hidden\" id=\"frm_submit_entry_2\" name=\"frm_submit_entry_2\" value=\"05ba045b86\" \/><input type=\"hidden\" name=\"_wp_http_referer\" value=\"\/es\/wp-json\/wp\/v2\/product\/61830\" \/><div id=\"frm_field_7_container\" class=\"frm_form_field form-field  frm_required_field frm_top_container\">\r\n    <div  id=\"field_5p532_label\" class=\"frm_primary_label\">Name\r\n        <span class=\"frm_required\" aria-hidden=\"true\">*<\/span>\r\n    <\/div>\r\n    <fieldset aria-labelledby=\"field_5p532_label\">\n\t<legend class=\"frm_screen_reader frm_hidden\">\n\t\tName\t<\/legend>\n\n\t<div  class=\"frm_combo_inputs_container\" id=\"frm_combo_inputs_container_7\" data-name-layout=\"first_last\">\n\t\t\t\t\t<div\n\t\t\t\tid=\"frm_field_7-first_container\"\n\t\t\t\tclass=\"frm_form_field form-field frm_form_subfield-first  frm6\"\n\t\t\t\tdata-sub-field-name=\"first\"\n\t\t\t>\n\t\t\t\t<label for=\"field_5p532_first\" class=\"frm_screen_reader frm_hidden\">\n\t\t\t\t\tFirst\t\t\t\t<\/label>\n\n\t\t\t\t<input  type=\"text\" id=\"field_5p532_first\" value=\"\" name=\"item_meta[7][first]\" autocomplete=\"given-name\" data-reqmsg=\"Name cannot be blank.\" aria-required=\"true\" data-invmsg=\"Name no es v\u00e1lido\" aria-invalid=\"false\"  \/><div class=\"frm_description\" id=\"frm_field_7_first_desc\">First<\/div>\t\t\t<\/div>\n\t\t\t\t\t\t<div\n\t\t\t\tid=\"frm_field_7-last_container\"\n\t\t\t\tclass=\"frm_form_field form-field frm_form_subfield-last  frm6\"\n\t\t\t\tdata-sub-field-name=\"last\"\n\t\t\t>\n\t\t\t\t<label for=\"field_5p532_last\" class=\"frm_screen_reader frm_hidden\">\n\t\t\t\t\tLast\t\t\t\t<\/label>\n\n\t\t\t\t<input  type=\"text\" id=\"field_5p532_last\" value=\"\" name=\"item_meta[7][last]\" autocomplete=\"family-name\" data-reqmsg=\"Name cannot be blank.\" aria-required=\"true\" data-invmsg=\"Name no es v\u00e1lido\" aria-invalid=\"false\"  \/><div class=\"frm_description\" id=\"frm_field_7_last_desc\">Last<\/div>\t\t\t<\/div>\n\t\t\t\t<\/div>\n<\/fieldset>\n\r\n    \r\n    \r\n<\/div>\n<div id=\"frm_field_8_container\" class=\"frm_form_field form-field  frm_required_field frm_top_container\">\r\n    <label for=\"field_xvhgf\" id=\"field_xvhgf_label\" class=\"frm_primary_label\">Email\r\n        <span class=\"frm_required\" aria-hidden=\"true\">*<\/span>\r\n    <\/label>\r\n    <input type=\"email\" id=\"field_xvhgf\" name=\"item_meta[8]\" value=\"\"  data-reqmsg=\"Email cannot be blank.\" aria-required=\"true\" data-invmsg=\"Email is invalid\" aria-invalid=\"false\"  \/>\r\n    \r\n    \r\n<\/div>\n<div id=\"frm_field_9_container\" class=\"frm_form_field form-field  frm_top_container\">\r\n    <label for=\"field_nrinz\" id=\"field_nrinz_label\" class=\"frm_primary_label\">Phone\r\n        <span class=\"frm_required\" aria-hidden=\"true\"><\/span>\r\n    <\/label>\r\n    <input type=\"tel\" id=\"field_nrinz\" name=\"item_meta[9]\" value=\"\"  data-invmsg=\"Phone is invalid\" aria-invalid=\"false\" pattern=\"((\\+\\d{1,3}(-|.| )?\\(?\\d\\)?(-| |.)?\\d{1,5})|(\\(?\\d{2,6}\\)?))(-|.| )?(\\d{3,4})(-|.| )?(\\d{4})(( x| ext)\\d{1,5}){0,1}$\"  \/>\r\n    \r\n    \r\n<\/div>\n<div id=\"frm_field_13_container\" class=\"frm_form_field form-field  frm_required_field frm_top_container frm_two_col\">\r\n    <div  id=\"field_eds5x_label\" class=\"frm_primary_label\">Pick the tours you'd like to do with us: \r\n        <span class=\"frm_required\" aria-hidden=\"true\">*<\/span>\r\n    <\/div>\r\n    <div class=\"frm_opt_container\" aria-labelledby=\"field_eds5x_label\" role=\"group\">\t\t<div class=\"frm_checkbox\" id=\"frm_checkbox_13-0\">\t\t\t<label  for=\"field_eds5x-0\">\n\t\t\t<input type=\"checkbox\" name=\"item_meta[13][]\" id=\"field_eds5x-0\" value=\"Manuel Antonio National Park Guided Walk\"  data-reqmsg=\"Pick the tours you&#039;d like to do with us:  cannot be blank.\" data-invmsg=\"Pick the tours you&#039;d like to do with us:  no es v\u00e1lido\"   aria-required=\"true\"  \/> Manuel Antonio National Park Guided Walk<\/label><\/div>\n\t\t<div class=\"frm_checkbox\" id=\"frm_checkbox_13-4\">\t\t\t<label  for=\"field_eds5x-4\">\n\t\t\t<input type=\"checkbox\" name=\"item_meta[13][]\" id=\"field_eds5x-4\" value=\"Rainmaker Guided Walk\"  data-reqmsg=\"Pick the tours you&#039;d like to do with us:  cannot be blank.\" data-invmsg=\"Pick the tours you&#039;d like to do with us:  no es v\u00e1lido\"   \/> Rainmaker Guided Walk<\/label><\/div>\n\t\t<div class=\"frm_checkbox\" id=\"frm_checkbox_13-5\">\t\t\t<label  for=\"field_eds5x-5\">\n\t\t\t<input type=\"checkbox\" name=\"item_meta[13][]\" id=\"field_eds5x-5\" value=\"Corcovado National Park from Manuel Antonio\"  data-reqmsg=\"Pick the tours you&#039;d like to do with us:  cannot be blank.\" data-invmsg=\"Pick the tours you&#039;d like to do with us:  no es v\u00e1lido\"   \/> Corcovado National Park from Manuel Antonio<\/label><\/div>\n\t\t<div class=\"frm_checkbox\" id=\"frm_checkbox_13-1\">\t\t\t<label  for=\"field_eds5x-1\">\n\t\t\t<input type=\"checkbox\" name=\"item_meta[13][]\" id=\"field_eds5x-1\" value=\"Damas Mangroves by boat\"  data-reqmsg=\"Pick the tours you&#039;d like to do with us:  cannot be blank.\" data-invmsg=\"Pick the tours you&#039;d like to do with us:  no es v\u00e1lido\"   \/> Damas Mangroves by boat<\/label><\/div>\n\t\t<div class=\"frm_checkbox\" id=\"frm_checkbox_13-2\">\t\t\t<label  for=\"field_eds5x-2\">\n\t\t\t<input type=\"checkbox\" name=\"item_meta[13][]\" id=\"field_eds5x-2\" value=\"Damas Mangroves by night\"  data-reqmsg=\"Pick the tours you&#039;d like to do with us:  cannot be blank.\" data-invmsg=\"Pick the tours you&#039;d like to do with us:  no es v\u00e1lido\"   \/> Damas Mangroves by night<\/label><\/div>\n\t\t<div class=\"frm_checkbox\" id=\"frm_checkbox_13-3\">\t\t\t<label  for=\"field_eds5x-3\">\n\t\t\t<input type=\"checkbox\" name=\"item_meta[13][]\" id=\"field_eds5x-3\" value=\"Damas Mangroves by Kayak\"  data-reqmsg=\"Pick the tours you&#039;d like to do with us:  cannot be blank.\" data-invmsg=\"Pick the tours you&#039;d like to do with us:  no es v\u00e1lido\"   \/> Damas Mangroves by Kayak<\/label><\/div>\n\t\t<div class=\"frm_checkbox\" id=\"frm_checkbox_13-6\">\t\t\t<label  for=\"field_eds5x-6\">\n\t\t\t<input type=\"checkbox\" name=\"item_meta[13][]\" id=\"field_eds5x-6\" value=\"Nauyaca Waterfalls\"  data-reqmsg=\"Pick the tours you&#039;d like to do with us:  cannot be blank.\" data-invmsg=\"Pick the tours you&#039;d like to do with us:  no es v\u00e1lido\"   \/> Nauyaca Waterfalls<\/label><\/div>\n\t\t<div class=\"frm_checkbox\" id=\"frm_checkbox_13-7\">\t\t\t<label  for=\"field_eds5x-7\">\n\t\t\t<input type=\"checkbox\" name=\"item_meta[13][]\" id=\"field_eds5x-7\" value=\"Night Walk\"  data-reqmsg=\"Pick the tours you&#039;d like to do with us:  cannot be blank.\" data-invmsg=\"Pick the tours you&#039;d like to do with us:  no es v\u00e1lido\"   \/> Night Walk<\/label><\/div>\n\t\t<div class=\"frm_checkbox\" id=\"frm_checkbox_13-8\">\t\t\t<label  for=\"field_eds5x-8\">\n\t\t\t<input type=\"checkbox\" name=\"item_meta[13][]\" id=\"field_eds5x-8\" value=\"Sea Kayaking Tour\"  data-reqmsg=\"Pick the tours you&#039;d like to do with us:  cannot be blank.\" data-invmsg=\"Pick the tours you&#039;d like to do with us:  no es v\u00e1lido\"   \/> Sea Kayaking Tour<\/label><\/div>\n<\/div>\r\n    \r\n    \r\n<\/div>\n<div id=\"frm_field_11_container\" class=\"frm_form_field form-field  frm_top_container\">\r\n    <label for=\"field_iak53\" id=\"field_iak53_label\" class=\"frm_primary_label\">Date\r\n        <span class=\"frm_required\" aria-hidden=\"true\"><\/span>\r\n    <\/label>\r\n    <input type=\"text\" id=\"field_iak53\" name=\"item_meta[11]\" value=\"04\/03\/2026\"  maxlength=\"10\" data-frmval=\"04\/03\/2026\" data-invmsg=\"Date is invalid\" class=\"frm_date\" aria-invalid=\"false\"  \/>\r\n    \r\n    \r\n<\/div>\n<div id=\"frm_field_14_container\" class=\"frm_form_field form-field  frm_top_container\">\r\n    <label for=\"field_4cv8c\" id=\"field_4cv8c_label\" class=\"frm_primary_label\">Number of Passengers\r\n        <span class=\"frm_required\" aria-hidden=\"true\"><\/span>\r\n    <\/label>\r\n    <input type=\"number\" id=\"field_4cv8c\" name=\"item_meta[14]\" value=\"\" data-invmsg=\"Number is invalid\" aria-invalid=\"false\"   min=\"0\" max=\"9999999\" step=\"any\" \/>\r\n    \r\n    \r\n<\/div>\n<div id=\"frm_field_15_container\" class=\"frm_form_field form-field  frm_top_container\">\r\n    <label for=\"field_md5uy\" id=\"field_md5uy_label\" class=\"frm_primary_label\">You are staying at: \r\n        <span class=\"frm_required\" aria-hidden=\"true\"><\/span>\r\n    <\/label>\r\n    <input  type=\"text\" id=\"field_md5uy\" name=\"item_meta[15]\" value=\"\"  data-invmsg=\"Text is invalid\" aria-invalid=\"false\"   \/>\r\n    \r\n    \r\n<\/div>\n<div id=\"frm_field_17_container\" class=\"frm_form_field form-field  frm_top_container frm12 frm_first\">\r\n    <label for=\"field_ctij8\" id=\"field_ctij8_label\" class=\"frm_primary_label\">Comments\r\n        <span class=\"frm_required\" aria-hidden=\"true\"><\/span>\r\n    <\/label>\r\n    <textarea name=\"item_meta[17]\" id=\"field_ctij8\" rows=\"5\"  data-invmsg=\"Paragraph is invalid\" aria-invalid=\"false\"  ><\/textarea>\r\n    \r\n    \r\n<\/div>\n<div id=\"frm_field_19_container\" class=\"frm_form_field form-field  frm_none_container\">\r\n    <label for=\"g-recaptcha-response\" id=\"field_nowbl_label\" class=\"frm_primary_label\">Captcha\r\n        <span class=\"frm_required\" aria-hidden=\"true\"><\/span>\r\n    <\/label>\r\n    <div  id=\"field_nowbl\" class=\"frm-g-recaptcha\" data-sitekey=\"6LcsxcYhAAAAACGibGrn9XTbasGg3l4BovjDXubA\" data-size=\"invisible\" data-theme=\"light\"><\/div>\r\n    \r\n    \r\n<\/div>\n<div id=\"frm_field_21_container\" class=\"frm_form_field form-field \">\n\t<div class=\"frm_submit\">\r\n\r\n<button class=\"frm_button_submit frm_final_submit\" type=\"submit\"   formnovalidate=\"formnovalidate\">Let&#039;s do it!<\/button>\r\n\r\n\r\n<\/div>\n<\/div>\n\t<input type=\"hidden\" name=\"item_key\" value=\"\" \/>\n\t\t\t<div id=\"frm_field_23_container\">\n\t\t\t<label for=\"field_iebvd\" >\n\t\t\t\tSi eres humano, deja este campo en blanco.\t\t\t<\/label>\n\t\t\t<input  id=\"field_iebvd\" type=\"text\" class=\"frm_form_field form-field frm_verify\" name=\"item_meta[23]\" value=\"\"  \/>\n\t\t<\/div>\n\t\t<input name=\"frm_state\" type=\"hidden\" value=\"mRoPFZb52nSe6TlfbhxNXIji9qfnOQVsYtgAIAhRcEy2hZvHPwCYZzOtse04kYt+\" \/><\/div>\n<\/fieldset>\n<\/div>\n\n<p style=\"display: none !important;\" class=\"akismet-fields-container\" data-prefix=\"ak_\"><label>&#916;<textarea name=\"ak_hp_textarea\" cols=\"45\" rows=\"8\" maxlength=\"100\"><\/textarea><\/label><input type=\"hidden\" id=\"ak_js_1\" name=\"ak_js\" value=\"224\"\/><script>document.getElementById( \"ak_js_1\" ).setAttribute( \"value\", ( new Date() ).getTime() );<\/script><\/p><\/form>\n<\/div>\n\t\t\t\t<\/div>\n\t\t\t\t<\/div>\n\t\t\t\t\t<\/div>\n\t\t<\/div>\n\t\t\t\t\t<\/div>\n\t\t<\/section>\n\t\t\t\t<section class=\"elementor-section elementor-top-section elementor-element elementor-element-2cec0f35 elementor-section-boxed elementor-section-height-default elementor-section-height-default\" data-id=\"2cec0f35\" data-element_type=\"section\" data-e-type=\"section\">\n\t\t\t\t\t\t<div class=\"elementor-container elementor-column-gap-default\">\n\t\t\t\t\t<div class=\"elementor-column elementor-col-100 elementor-top-column elementor-element elementor-element-5c44c6ea\" data-id=\"5c44c6ea\" data-element_type=\"column\" data-e-type=\"column\">\n\t\t\t<div class=\"elementor-widget-wrap\">\n\t\t\t\t\t\t\t<\/div>\n\t\t<\/div>\n\t\t\t\t\t<\/div>\n\t\t<\/section>\n\t\t\t\t<\/div>\n\t\t","protected":false},"excerpt":{"rendered":"<div class=\"flex-1 overflow-hidden\">\n<div class=\"react-scroll-to-bottom--css-xdlkp-79elbk h-full dark:bg-gray-800\">\n<div class=\"react-scroll-to-bottom--css-xdlkp-1n7m0yu\">\n<div class=\"flex flex-col items-center text-sm dark:bg-gray-800\">\n<div class=\"w-full border-b border-black\/10 dark:border-gray-900\/50 text-gray-800 dark:text-gray-100 group bg-gray-50 dark:bg-[#444654]\">\n<div class=\"text-base gap-4 md:gap-6 m-auto md:max-w-2xl lg:max-w-2xl xl:max-w-3xl p-4 md:py-6 flex lg:px-0\">\n<div class=\"relative flex w-[calc(100%-50px)] flex-col gap-1 md:gap-3 lg:w-[calc(100%-115px)]\">\n<div class=\"flex flex-grow flex-col gap-3\">\n<div class=\"min-h-[20px] flex flex-col items-start gap-4 whitespace-pre-wrap\">\n<div class=\"markdown prose w-full break-words dark:prose-invert light\">\n<div class=\"flex-1 overflow-hidden\">\n<div class=\"react-scroll-to-bottom--css-nefwi-79elbk h-full dark:bg-gray-800\">\n<div class=\"react-scroll-to-bottom--css-nefwi-1n7m0yu\">\n<div class=\"flex flex-col items-center text-sm dark:bg-gray-800\">\n<div class=\"w-full border-b border-black\/10 dark:border-gray-900\/50 text-gray-800 dark:text-gray-100 group bg-gray-50 dark:bg-[#444654]\">\n<div class=\"text-base gap-4 md:gap-6 m-auto md:max-w-2xl lg:max-w-2xl xl:max-w-3xl p-4 md:py-6 flex lg:px-0\">\n<div class=\"relative flex w-[calc(100%-50px)] flex-col gap-1 md:gap-3 lg:w-[calc(100%-115px)]\">\n<div class=\"flex flex-grow flex-col gap-3\">\n<div class=\"min-h-[20px] flex flex-col items-start gap-4 whitespace-pre-wrap\">\n<div class=\"markdown prose w-full break-words dark:prose-invert light\">\n<h2>\u00danase a nuestra excursi\u00f3n en kayak guiada por naturalistas por el estuario de manglares de la isla Damas de Costa Rica para ser testigo de la extravagancia de la naturaleza.<\/h2>\n<p>Le encantar\u00e1 avistar garzas como la garza real y la \u00e1gil garceta nival, mientras abundan \u00e1guilas pescadoras, cormoranes, pel\u00edcanos y loros.<\/p>\n<p>Reme tranquilamente por el exuberante laberinto de arroyos y canales de estos humedales tropicales protegidos, entre algunos de los mejores avistamientos de aves del pa\u00eds. Nuestros expertos gu\u00edas reman con usted, compartiendo fascinantes conocimientos sobre la ecolog\u00eda de los manglares y los diversos ecosistemas que proporcionan un h\u00e1bitat cr\u00edtico para que estas especies prosperen. Despu\u00e9s de medio d\u00eda de aventura, rel\u00e1jese con un delicioso almuerzo costarricense en nuestro restaurante cercano.<\/p>\n<\/div>\n<\/div>\n<\/div>\n<\/div>\n<\/div>\n<\/div>\n<\/div>\n<\/div>\n<\/div>\n<\/div>\n<\/div>\n<\/div>\n<\/div>\n<\/div>\n<\/div>\n<\/div>\n<\/div>\n<\/div>\n<\/div>\n<\/div>\n","protected":false},"featured_media":61819,"template":"","meta":{"site-sidebar-layout":"no-sidebar","site-content-layout":"default","ast-site-content-layout":"default","site-content-style":"default","site-sidebar-style":"default","ast-global-header-display":"","ast-banner-title-visibility":"","ast-main-header-display":"","ast-hfb-above-header-display":"","ast-hfb-below-header-display":"","ast-hfb-mobile-header-display":"","site-post-title":"","ast-breadcrumbs-content":"","ast-featured-img":"","footer-sml-layout":"","ast-disable-related-posts":"","theme-transparent-header-meta":"default","adv-header-id-meta":"","stick-header-meta":"","header-above-stick-meta":"","header-main-stick-meta":"","header-below-stick-meta":"","astra-migrate-meta-layouts":"default","ast-page-background-enabled":"default","ast-page-background-meta":{"desktop":{"background-color":"var(--ast-global-color-4)","background-image":"","background-repeat":"repeat","background-position":"center center","background-size":"auto","background-attachment":"scroll","background-type":"","background-media":"","overlay-type":"","overlay-color":"","overlay-opacity":"","overlay-gradient":""},"tablet":{"background-color":"","background-image":"","background-repeat":"repeat","background-position":"center center","background-size":"auto","background-attachment":"scroll","background-type":"","background-media":"","overlay-type":"","overlay-color":"","overlay-opacity":"","overlay-gradient":""},"mobile":{"background-color":"","background-image":"","background-repeat":"repeat","background-position":"center center","background-size":"auto","background-attachment":"scroll","background-type":"","background-media":"","overlay-type":"","overlay-color":"","overlay-opacity":"","overlay-gradient":""}},"ast-content-background-meta":{"desktop":{"background-color":"var(--ast-global-color-5)","background-image":"","background-repeat":"repeat","background-position":"center center","background-size":"auto","background-attachment":"scroll","background-type":"","background-media":"","overlay-type":"","overlay-color":"","overlay-opacity":"","overlay-gradient":""},"tablet":{"background-color":"var(--ast-global-color-5)","background-image":"","background-repeat":"repeat","background-position":"center center","background-size":"auto","background-attachment":"scroll","background-type":"","background-media":"","overlay-type":"","overlay-color":"","overlay-opacity":"","overlay-gradient":""},"mobile":{"background-color":"var(--ast-global-color-5)","background-image":"","background-repeat":"repeat","background-position":"center center","background-size":"auto","background-attachment":"scroll","background-type":"","background-media":"","overlay-type":"","overlay-color":"","overlay-opacity":"","overlay-gradient":""}}},"product_brand":[],"product_cat":[123],"product_tag":[124,128,129,126,127],"class_list":{"0":"post-61830","1":"product","2":"type-product","3":"status-publish","4":"has-post-thumbnail","6":"product_cat-visitas","7":"product_tag-naturaleza","8":"product_tag-para-fotografos","9":"product_tag-para-observadores-de-aves","10":"product_tag-perezosos","11":"product_tag-visitas-guiadas","12":"desktop-align-left","13":"tablet-align-left","14":"mobile-align-left","16":"first","17":"instock","18":"shipping-taxable","19":"purchasable","20":"product-type-simple"},"_links":{"self":[{"href":"https:\/\/epicadventurescr.com\/es\/wp-json\/wp\/v2\/product\/61830","targetHints":{"allow":["GET"]}}],"collection":[{"href":"https:\/\/epicadventurescr.com\/es\/wp-json\/wp\/v2\/product"}],"about":[{"href":"https:\/\/epicadventurescr.com\/es\/wp-json\/wp\/v2\/types\/product"}],"version-history":[{"count":0,"href":"https:\/\/epicadventurescr.com\/es\/wp-json\/wp\/v2\/product\/61830\/revisions"}],"wp:featuredmedia":[{"embeddable":true,"href":"https:\/\/epicadventurescr.com\/es\/wp-json\/wp\/v2\/media\/61819"}],"wp:attachment":[{"href":"https:\/\/epicadventurescr.com\/es\/wp-json\/wp\/v2\/media?parent=61830"}],"wp:term":[{"taxonomy":"product_brand","embeddable":true,"href":"https:\/\/epicadventurescr.com\/es\/wp-json\/wp\/v2\/product_brand?post=61830"},{"taxonomy":"product_cat","embeddable":true,"href":"https:\/\/epicadventurescr.com\/es\/wp-json\/wp\/v2\/product_cat?post=61830"},{"taxonomy":"product_tag","embeddable":true,"href":"https:\/\/epicadventurescr.com\/es\/wp-json\/wp\/v2\/product_tag?post=61830"}],"curies":[{"name":"wp","href":"https:\/\/api.w.org\/{rel}","templated":true}]}}