{"id":60668,"date":"2023-03-30T21:36:42","date_gmt":"2023-03-30T21:36:42","guid":{"rendered":"https:\/\/epicadventurescr.com\/?post_type=product&#038;p=60668"},"modified":"2024-06-18T15:08:16","modified_gmt":"2024-06-18T15:08:16","slug":"damas-mangroves-night-tour","status":"publish","type":"product","link":"https:\/\/epicadventurescr.com\/es\/producto\/damas-mangroves-night-tour\/","title":{"rendered":"Excursi\u00f3n nocturna a los manglares de Damas"},"content":{"rendered":"\t\t<div data-elementor-type=\"product-post\" data-elementor-id=\"60668\" class=\"elementor elementor-60668 elementor-60667\" data-elementor-post-type=\"product\">\n\t\t\t\t\t\t<section class=\"elementor-section elementor-top-section elementor-element elementor-element-8b5aec4 elementor-section-boxed elementor-section-height-default elementor-section-height-default\" data-id=\"8b5aec4\" data-element_type=\"section\" data-e-type=\"section\">\n\t\t\t\t\t\t<div class=\"elementor-container elementor-column-gap-default\">\n\t\t\t\t\t<div class=\"elementor-column elementor-col-50 elementor-top-column elementor-element elementor-element-b49c7a9\" data-id=\"b49c7a9\" data-element_type=\"column\" data-e-type=\"column\">\n\t\t\t<div class=\"elementor-widget-wrap elementor-element-populated\">\n\t\t\t\t\t\t<div class=\"elementor-element elementor-element-9b49d51 elementor-widget__width-initial elementor-widget elementor-widget-text-editor\" data-id=\"9b49d51\" data-element_type=\"widget\" data-e-type=\"widget\" data-widget_type=\"text-editor.default\">\n\t\t\t\t<div class=\"elementor-widget-container\">\n\t\t\t\t\t\t\t\t\t<div class=\"entry-content\">\n<section class=\"wpb-content-wrapper\">\n<div class=\"vc_row wpb_row vc_row-fluid\">\n<div class=\"wpb_column vc_column_container vc_col-sm-9\">\n<div class=\"vc_column-inner\">\n<div class=\"wpb_wrapper\">\n<div class=\"wpb_text_column wpb_content_element \">\n<div class=\"wpb_wrapper\">\n<article id=\"post-60200\" class=\"post-60200 post type-post status-publish format-standard hentry category-tours-2 category-uncategorized ast-article-single\">\n<div class=\"ast-post-format- ast-no-thumb single-layout-1\">\n<div class=\"entry-content clear\">\n<h2>La excursi\u00f3n nocturna a los manglares de Damas, cerca de Manuel Antonio, es una de las mejores aventuras nocturnas de Costa Rica. No s\u00f3lo podr\u00e1 ver la vida silvestre, sino tambi\u00e9n en la oscuridad los ojos brillantes que resplandecen en las sombras, las estrellas en lo alto en las noches despejadas. Es m\u00e1gico.<\/h2>\n<p>La excursi\u00f3n nocturna en barco por los manglares cerca de Manuel Antonio es una de las excursiones m\u00e1s populares de Epic Adventures y uno de sus secretos mejor guardados.  <\/p>\n<p><strong>Emprender\u00e1s un viaje que te llevar\u00e1 a Isla de Damas, un rinc\u00f3n especial donde naturaleza y aventura convergen de forma m\u00e1gica.<\/strong>  Este viaje promete introducirle en la belleza del atardecer y la tranquilidad de las aguas, una combinaci\u00f3n perfecta para quienes buscan momentos especiales.<\/p>\n<p>El manglar es uno de los ecosistemas m\u00e1s vitales y asombrosos del mundo. Este incre\u00edble entorno, que abarca miles de hect\u00e1reas de bosque protegido, alberga una gran variedad de aves, reptiles, mam\u00edferos e insectos. Llama la atenci\u00f3n que alrededor del 70% de su fauna es nocturna.<\/p>\n<p><strong>El Tour Nocturno en Bote por los Manglares cerca de Manuel Antonio es una aventura nocturna por la naturaleza de Costa Rica muy recomendable para naturalistas de todas las edades que quieran sentir la magia de la naturaleza tropical por la noche.<\/strong><\/p>\n<p>Ser\u00e1 transportado de forma segura a trav\u00e9s de los canales de manglares en nuestro barco de alta tecnolog\u00eda y ultra silencioso <strong>(no habr\u00e1 caminatas en esta excursi\u00f3n).<\/strong> Descubra y disfrute de algunas de las maravillas y secretos m\u00e1s asombrosos de este incre\u00edble ecosistema.<\/p>\n<p>Sus gu\u00edas y naturalistas biling\u00fces de primera clase le guiar\u00e1n tranquila y c\u00f3modamente mientras la noche le abraza y la dram\u00e1tica oscuridad del manglar le permite ver la activa vida salvaje nocturna.<\/p>\n<p>Observe la vida nocturna en los manglares, los ojos brillantes de los \u00e1rboles, cocodrilos activos pescando comida, aves nocturnas moviendo el barro y animales diurnos durmiendo en los \u00e1rboles. Vea c\u00f3mo diferentes \u00e1rboles ex\u00f3ticos de Costa Rica reponen el medio ambiente a la vez que se sostienen durante d\u00e9cadas de crecimiento.<\/p>\n<p>Recorra hect\u00e1reas de un pr\u00edstino estuario protegido de Costa Rica mientras sus expertos gu\u00edas le ense\u00f1an los secretos -pasados y presentes- de la ecoestructura del manglar, tan importante para Costa Rica y el resto del mundo.<\/p>\n<p>No olvide se\u00f1alar los caimanes, perezosos, cocodrilos, boas, monos cariblancos, garcetas y muchas otras especies de fauna mientras su bote serpentea tranquilamente por los canales de manglares y a lo largo de las suaves corrientes de las mareas costeras.<\/p>\n<p>El bote avanza con determinaci\u00f3n, adentr\u00e1ndose en la noche. Las estrellas empiezan a titilar en el cielo, como joyas esparcidas por un lienzo de oscuridad. Al acercarse a un horizonte donde la l\u00ednea entre el oc\u00e9ano y el cielo se difumina, cada ola que rompe a su paso parece guardar los secretos de las aguas. <\/p>\n<p>En este estado surrealista, las horas pasan como minutos. La oscuridad que le rodea facilita las conversaciones y las risas, creando un ambiente de camarader\u00eda excepcional. Los recuerdos se forman y perduran mucho despu\u00e9s de que las estrellas se hayan desvanecido, fruto de la magia de la noche y de los lazos forjados en el momento.<\/p>\n<p>Alrededor de las 20:00, el bote regresar\u00e1 al muelle y ya se le habr\u00e1 abierto el apetito con la aventura y las conversaciones.<\/p>\n<p><b>Le llevaremos a un restaurante tradicional,<\/b> donde degustar\u00e1n los sabores regionales. La fusi\u00f3n de aromas exquisitos y un ambiente acogedor crear\u00e1n una experiencia culinaria que contrasta armoniosamente con la maravilla de la noche anterior.<\/p>\n<p><b>A las 21:00, regresar\u00e1 al hotel con el coraz\u00f3n lleno de gratitud y satisfacci\u00f3n.<\/b> <\/p>\n<p>La Excursi\u00f3n a los Manglares de la Isla Damas le habr\u00e1 proporcionado un encuentro con la magia de la naturaleza en estado puro y compartir momentos memorables con compa\u00f1eros de viaje que se convertir\u00e1n en amigos. Termine su aventura con una relajante pero gratificante cena con sabor t\u00edpico costarricense en un restaurante local.<\/p>\n<p>\u00a1No deje esta experiencia pasar de lejos! \u00a1V\u00edvala ahora mismo! La excursi\u00f3n nocturna en bote por los manglares cerca de Manuel Antonio es espectacular.<\/p>\n<p>Tambi\u00e9n puede disfrutar de esta experiencia en bote o en kayak en nuestros manglares diurnos de la isla Damas <a href=\"https:\/\/epicadventurescr.com\/es\/producto\/excursion-en-barco-por-los-manglares-de-isla-damas\/\">aqu\u00ed<\/a>. <\/p>\n<\/div>\n<\/div>\n<\/article>\n<nav class=\"navigation post-navigation\" role=\"navigation\" aria-label=\"Posts\"><span class=\"screen-reader-text\">Navegaci\u00f3n posterior<\/span><\/p>\n<div class=\"nav-links\">  checj<\/div>\n<\/nav>\n<\/div>\n<\/div>\n<\/div>\n<\/div>\n<\/div>\n<\/div>\n<\/section>\n<\/div>\n\t\t\t\t\t\t\t\t<\/div>\n\t\t\t\t<\/div>\n\t\t\t\t\t<\/div>\n\t\t<\/div>\n\t\t\t\t<div class=\"elementor-column elementor-col-50 elementor-top-column elementor-element elementor-element-854dc2c\" data-id=\"854dc2c\" data-element_type=\"column\" data-e-type=\"column\">\n\t\t\t<div class=\"elementor-widget-wrap elementor-element-populated\">\n\t\t\t\t\t\t<div class=\"elementor-element elementor-element-19f3b49 elementor-widget elementor-widget-formidable\" data-id=\"19f3b49\" data-element_type=\"widget\" data-e-type=\"widget\" data-widget_type=\"formidable.default\">\n\t\t\t\t<div class=\"elementor-widget-container\">\n\t\t\t\t\t<div class=\"frm_forms  with_frm_style frm_style_formidable-style\" id=\"frm_form_2_container\" data-token=\"9ea543c843bac2e915e4412b6d8f642c\">\n<form enctype=\"multipart\/form-data\" method=\"post\" class=\"frm-show-form  frm_pro_form \" id=\"form_reserveyourtour\" data-token=\"9ea543c843bac2e915e4412b6d8f642c\">\n<div class=\"frm_form_fields \">\n<fieldset>\n<legend class=\"frm_screen_reader\">Reserve your tour!<\/legend>\r\n\r\n<div class=\"frm_fields_container\">\n<input type=\"hidden\" name=\"frm_action\" value=\"create\" \/>\n<input type=\"hidden\" name=\"form_id\" value=\"2\" \/>\n<input type=\"hidden\" name=\"frm_hide_fields_2\" id=\"frm_hide_fields_2\" value=\"\" \/>\n<input type=\"hidden\" name=\"form_key\" value=\"reserveyourtour\" \/>\n<input type=\"hidden\" name=\"item_meta[0]\" value=\"\" \/>\n<input type=\"hidden\" id=\"frm_submit_entry_2\" name=\"frm_submit_entry_2\" value=\"56e29bd9ac\" \/><input type=\"hidden\" name=\"_wp_http_referer\" value=\"\/es\/wp-json\/wp\/v2\/product\/60668\" \/><div id=\"frm_field_7_container\" class=\"frm_form_field form-field  frm_required_field frm_top_container\">\r\n    <div  id=\"field_5p532_label\" class=\"frm_primary_label\">Name\r\n        <span class=\"frm_required\" aria-hidden=\"true\">*<\/span>\r\n    <\/div>\r\n    <fieldset aria-labelledby=\"field_5p532_label\">\n\t<legend class=\"frm_screen_reader frm_hidden\">\n\t\tName\t<\/legend>\n\n\t<div  class=\"frm_combo_inputs_container\" id=\"frm_combo_inputs_container_7\" data-name-layout=\"first_last\">\n\t\t\t\t\t<div\n\t\t\t\tid=\"frm_field_7-first_container\"\n\t\t\t\tclass=\"frm_form_field form-field frm_form_subfield-first  frm6\"\n\t\t\t\tdata-sub-field-name=\"first\"\n\t\t\t>\n\t\t\t\t<label for=\"field_5p532_first\" class=\"frm_screen_reader frm_hidden\">\n\t\t\t\t\tFirst\t\t\t\t<\/label>\n\n\t\t\t\t<input  type=\"text\" id=\"field_5p532_first\" value=\"\" name=\"item_meta[7][first]\" autocomplete=\"given-name\" data-reqmsg=\"Name cannot be blank.\" aria-required=\"true\" data-invmsg=\"Name no es v\u00e1lido\" aria-invalid=\"false\"  \/><div class=\"frm_description\" id=\"frm_field_7_first_desc\">First<\/div>\t\t\t<\/div>\n\t\t\t\t\t\t<div\n\t\t\t\tid=\"frm_field_7-last_container\"\n\t\t\t\tclass=\"frm_form_field form-field frm_form_subfield-last  frm6\"\n\t\t\t\tdata-sub-field-name=\"last\"\n\t\t\t>\n\t\t\t\t<label for=\"field_5p532_last\" class=\"frm_screen_reader frm_hidden\">\n\t\t\t\t\tLast\t\t\t\t<\/label>\n\n\t\t\t\t<input  type=\"text\" id=\"field_5p532_last\" value=\"\" name=\"item_meta[7][last]\" autocomplete=\"family-name\" data-reqmsg=\"Name cannot be blank.\" aria-required=\"true\" data-invmsg=\"Name no es v\u00e1lido\" aria-invalid=\"false\"  \/><div class=\"frm_description\" id=\"frm_field_7_last_desc\">Last<\/div>\t\t\t<\/div>\n\t\t\t\t<\/div>\n<\/fieldset>\n\r\n    \r\n    \r\n<\/div>\n<div id=\"frm_field_8_container\" class=\"frm_form_field form-field  frm_required_field frm_top_container\">\r\n    <label for=\"field_xvhgf\" id=\"field_xvhgf_label\" class=\"frm_primary_label\">Email\r\n        <span class=\"frm_required\" aria-hidden=\"true\">*<\/span>\r\n    <\/label>\r\n    <input type=\"email\" id=\"field_xvhgf\" name=\"item_meta[8]\" value=\"\"  data-reqmsg=\"Email cannot be blank.\" aria-required=\"true\" data-invmsg=\"Email is invalid\" aria-invalid=\"false\"  \/>\r\n    \r\n    \r\n<\/div>\n<div id=\"frm_field_9_container\" class=\"frm_form_field form-field  frm_top_container\">\r\n    <label for=\"field_nrinz\" id=\"field_nrinz_label\" class=\"frm_primary_label\">Phone\r\n        <span class=\"frm_required\" aria-hidden=\"true\"><\/span>\r\n    <\/label>\r\n    <input type=\"tel\" id=\"field_nrinz\" name=\"item_meta[9]\" value=\"\"  data-invmsg=\"Phone is invalid\" aria-invalid=\"false\" pattern=\"((\\+\\d{1,3}(-|.| )?\\(?\\d\\)?(-| |.)?\\d{1,5})|(\\(?\\d{2,6}\\)?))(-|.| )?(\\d{3,4})(-|.| )?(\\d{4})(( x| ext)\\d{1,5}){0,1}$\"  \/>\r\n    \r\n    \r\n<\/div>\n<div id=\"frm_field_13_container\" class=\"frm_form_field form-field  frm_required_field frm_top_container frm_two_col\">\r\n    <div  id=\"field_eds5x_label\" class=\"frm_primary_label\">Pick the tours you'd like to do with us: \r\n        <span class=\"frm_required\" aria-hidden=\"true\">*<\/span>\r\n    <\/div>\r\n    <div class=\"frm_opt_container\" aria-labelledby=\"field_eds5x_label\" role=\"group\">\t\t<div class=\"frm_checkbox\" id=\"frm_checkbox_13-0\">\t\t\t<label  for=\"field_eds5x-0\">\n\t\t\t<input type=\"checkbox\" name=\"item_meta[13][]\" id=\"field_eds5x-0\" value=\"Manuel Antonio National Park Guided Walk\"  data-reqmsg=\"Pick the tours you&#039;d like to do with us:  cannot be blank.\" data-invmsg=\"Pick the tours you&#039;d like to do with us:  no es v\u00e1lido\"   aria-required=\"true\"  \/> Manuel Antonio National Park Guided Walk<\/label><\/div>\n\t\t<div class=\"frm_checkbox\" id=\"frm_checkbox_13-4\">\t\t\t<label  for=\"field_eds5x-4\">\n\t\t\t<input type=\"checkbox\" name=\"item_meta[13][]\" id=\"field_eds5x-4\" value=\"Rainmaker Guided Walk\"  data-reqmsg=\"Pick the tours you&#039;d like to do with us:  cannot be blank.\" data-invmsg=\"Pick the tours you&#039;d like to do with us:  no es v\u00e1lido\"   \/> Rainmaker Guided Walk<\/label><\/div>\n\t\t<div class=\"frm_checkbox\" id=\"frm_checkbox_13-5\">\t\t\t<label  for=\"field_eds5x-5\">\n\t\t\t<input type=\"checkbox\" name=\"item_meta[13][]\" id=\"field_eds5x-5\" value=\"Corcovado National Park from Manuel Antonio\"  data-reqmsg=\"Pick the tours you&#039;d like to do with us:  cannot be blank.\" data-invmsg=\"Pick the tours you&#039;d like to do with us:  no es v\u00e1lido\"   \/> Corcovado National Park from Manuel Antonio<\/label><\/div>\n\t\t<div class=\"frm_checkbox\" id=\"frm_checkbox_13-1\">\t\t\t<label  for=\"field_eds5x-1\">\n\t\t\t<input type=\"checkbox\" name=\"item_meta[13][]\" id=\"field_eds5x-1\" value=\"Damas Mangroves by boat\"  data-reqmsg=\"Pick the tours you&#039;d like to do with us:  cannot be blank.\" data-invmsg=\"Pick the tours you&#039;d like to do with us:  no es v\u00e1lido\"   \/> Damas Mangroves by boat<\/label><\/div>\n\t\t<div class=\"frm_checkbox\" id=\"frm_checkbox_13-2\">\t\t\t<label  for=\"field_eds5x-2\">\n\t\t\t<input type=\"checkbox\" name=\"item_meta[13][]\" id=\"field_eds5x-2\" value=\"Damas Mangroves by night\"  data-reqmsg=\"Pick the tours you&#039;d like to do with us:  cannot be blank.\" data-invmsg=\"Pick the tours you&#039;d like to do with us:  no es v\u00e1lido\"   \/> Damas Mangroves by night<\/label><\/div>\n\t\t<div class=\"frm_checkbox\" id=\"frm_checkbox_13-3\">\t\t\t<label  for=\"field_eds5x-3\">\n\t\t\t<input type=\"checkbox\" name=\"item_meta[13][]\" id=\"field_eds5x-3\" value=\"Damas Mangroves by Kayak\"  data-reqmsg=\"Pick the tours you&#039;d like to do with us:  cannot be blank.\" data-invmsg=\"Pick the tours you&#039;d like to do with us:  no es v\u00e1lido\"   \/> Damas Mangroves by Kayak<\/label><\/div>\n\t\t<div class=\"frm_checkbox\" id=\"frm_checkbox_13-6\">\t\t\t<label  for=\"field_eds5x-6\">\n\t\t\t<input type=\"checkbox\" name=\"item_meta[13][]\" id=\"field_eds5x-6\" value=\"Nauyaca Waterfalls\"  data-reqmsg=\"Pick the tours you&#039;d like to do with us:  cannot be blank.\" data-invmsg=\"Pick the tours you&#039;d like to do with us:  no es v\u00e1lido\"   \/> Nauyaca Waterfalls<\/label><\/div>\n\t\t<div class=\"frm_checkbox\" id=\"frm_checkbox_13-7\">\t\t\t<label  for=\"field_eds5x-7\">\n\t\t\t<input type=\"checkbox\" name=\"item_meta[13][]\" id=\"field_eds5x-7\" value=\"Night Walk\"  data-reqmsg=\"Pick the tours you&#039;d like to do with us:  cannot be blank.\" data-invmsg=\"Pick the tours you&#039;d like to do with us:  no es v\u00e1lido\"   \/> Night Walk<\/label><\/div>\n\t\t<div class=\"frm_checkbox\" id=\"frm_checkbox_13-8\">\t\t\t<label  for=\"field_eds5x-8\">\n\t\t\t<input type=\"checkbox\" name=\"item_meta[13][]\" id=\"field_eds5x-8\" value=\"Sea Kayaking Tour\"  data-reqmsg=\"Pick the tours you&#039;d like to do with us:  cannot be blank.\" data-invmsg=\"Pick the tours you&#039;d like to do with us:  no es v\u00e1lido\"   \/> Sea Kayaking Tour<\/label><\/div>\n<\/div>\r\n    \r\n    \r\n<\/div>\n<div id=\"frm_field_11_container\" class=\"frm_form_field form-field  frm_top_container\">\r\n    <label for=\"field_iak53\" id=\"field_iak53_label\" class=\"frm_primary_label\">Date\r\n        <span class=\"frm_required\" aria-hidden=\"true\"><\/span>\r\n    <\/label>\r\n    <input type=\"text\" id=\"field_iak53\" name=\"item_meta[11]\" value=\"04\/21\/2026\"  maxlength=\"10\" data-frmval=\"04\/21\/2026\" data-invmsg=\"Date is invalid\" class=\"frm_date\" aria-invalid=\"false\"  \/>\r\n    \r\n    \r\n<\/div>\n<div id=\"frm_field_14_container\" class=\"frm_form_field form-field  frm_top_container\">\r\n    <label for=\"field_4cv8c\" id=\"field_4cv8c_label\" class=\"frm_primary_label\">Number of Passengers\r\n        <span class=\"frm_required\" aria-hidden=\"true\"><\/span>\r\n    <\/label>\r\n    <input type=\"number\" id=\"field_4cv8c\" name=\"item_meta[14]\" value=\"\" data-invmsg=\"Number is invalid\" aria-invalid=\"false\"   min=\"0\" max=\"9999999\" step=\"any\" \/>\r\n    \r\n    \r\n<\/div>\n<div id=\"frm_field_15_container\" class=\"frm_form_field form-field  frm_top_container\">\r\n    <label for=\"field_md5uy\" id=\"field_md5uy_label\" class=\"frm_primary_label\">You are staying at: \r\n        <span class=\"frm_required\" aria-hidden=\"true\"><\/span>\r\n    <\/label>\r\n    <input  type=\"text\" id=\"field_md5uy\" name=\"item_meta[15]\" value=\"\"  data-invmsg=\"Text is invalid\" aria-invalid=\"false\"   \/>\r\n    \r\n    \r\n<\/div>\n<div id=\"frm_field_17_container\" class=\"frm_form_field form-field  frm_top_container frm12 frm_first\">\r\n    <label for=\"field_ctij8\" id=\"field_ctij8_label\" class=\"frm_primary_label\">Comments\r\n        <span class=\"frm_required\" aria-hidden=\"true\"><\/span>\r\n    <\/label>\r\n    <textarea name=\"item_meta[17]\" id=\"field_ctij8\" rows=\"5\"  data-invmsg=\"Paragraph is invalid\" aria-invalid=\"false\"  ><\/textarea>\r\n    \r\n    \r\n<\/div>\n<div id=\"frm_field_19_container\" class=\"frm_form_field form-field  frm_none_container\">\r\n    <label for=\"g-recaptcha-response\" id=\"field_nowbl_label\" class=\"frm_primary_label\">Captcha\r\n        <span class=\"frm_required\" aria-hidden=\"true\"><\/span>\r\n    <\/label>\r\n    <div  id=\"field_nowbl\" class=\"frm-g-recaptcha\" data-sitekey=\"6LcsxcYhAAAAACGibGrn9XTbasGg3l4BovjDXubA\" data-size=\"invisible\" data-theme=\"light\"><\/div>\r\n    \r\n    \r\n<\/div>\n<div id=\"frm_field_21_container\" class=\"frm_form_field form-field \">\n\t<div class=\"frm_submit\">\r\n\r\n<button class=\"frm_button_submit frm_final_submit\" type=\"submit\"   formnovalidate=\"formnovalidate\">Let&#039;s do it!<\/button>\r\n\r\n\r\n<\/div>\n<\/div>\n\t<input type=\"hidden\" name=\"item_key\" value=\"\" \/>\n\t\t\t<div id=\"frm_field_23_container\">\n\t\t\t<label for=\"field_1l9hb\" >\n\t\t\t\tSi eres humano, deja este campo en blanco.\t\t\t<\/label>\n\t\t\t<input  id=\"field_1l9hb\" type=\"text\" class=\"frm_form_field form-field frm_verify\" name=\"item_meta[23]\" value=\"\"  \/>\n\t\t<\/div>\n\t\t<input name=\"frm_state\" type=\"hidden\" value=\"mRoPFZb52nSe6TlfbhxNXG8I0x+wxxpLYs1O6EJfw422hZvHPwCYZzOtse04kYt+\" \/><\/div>\n<\/fieldset>\n<\/div>\n\n<p style=\"display: none !important;\" class=\"akismet-fields-container\" data-prefix=\"ak_\"><label>&#916;<textarea name=\"ak_hp_textarea\" cols=\"45\" rows=\"8\" maxlength=\"100\"><\/textarea><\/label><input type=\"hidden\" id=\"ak_js_1\" name=\"ak_js\" value=\"212\"\/><script>document.getElementById( \"ak_js_1\" ).setAttribute( \"value\", ( new Date() ).getTime() );<\/script><\/p><\/form>\n<\/div>\n\t\t\t\t<\/div>\n\t\t\t\t<\/div>\n\t\t\t\t\t<\/div>\n\t\t<\/div>\n\t\t\t\t\t<\/div>\n\t\t<\/section>\n\t\t\t\t<section class=\"elementor-section elementor-top-section elementor-element elementor-element-2cec0f35 elementor-section-boxed elementor-section-height-default elementor-section-height-default\" data-id=\"2cec0f35\" data-element_type=\"section\" data-e-type=\"section\">\n\t\t\t\t\t\t<div class=\"elementor-container elementor-column-gap-default\">\n\t\t\t\t\t<div class=\"elementor-column elementor-col-100 elementor-top-column elementor-element elementor-element-5c44c6ea\" data-id=\"5c44c6ea\" data-element_type=\"column\" data-e-type=\"column\">\n\t\t\t<div class=\"elementor-widget-wrap\">\n\t\t\t\t\t\t\t<\/div>\n\t\t<\/div>\n\t\t\t\t\t<\/div>\n\t\t<\/section>\n\t\t\t\t<\/div>\n\t\t","protected":false},"excerpt":{"rendered":"<div class=\"flex-1 overflow-hidden\">\n<div class=\"react-scroll-to-bottom--css-xdlkp-79elbk h-full dark:bg-gray-800\">\n<div class=\"react-scroll-to-bottom--css-xdlkp-1n7m0yu\">\n<div class=\"flex flex-col items-center text-sm dark:bg-gray-800\">\n<div class=\"w-full border-b border-black\/10 dark:border-gray-900\/50 text-gray-800 dark:text-gray-100 group bg-gray-50 dark:bg-[#444654]\">\n<div class=\"text-base gap-4 md:gap-6 m-auto md:max-w-2xl lg:max-w-2xl xl:max-w-3xl p-4 md:py-6 flex lg:px-0\">\n<div class=\"relative flex w-[calc(100%-50px)] flex-col gap-1 md:gap-3 lg:w-[calc(100%-115px)]\">\n<div class=\"flex flex-grow flex-col gap-3\">\n<div class=\"min-h-[20px] flex flex-col items-start gap-4 whitespace-pre-wrap\">\n<div class=\"markdown prose w-full break-words dark:prose-invert light\">\n<div class=\"flex-1 overflow-hidden\">\n<div class=\"react-scroll-to-bottom--css-nefwi-79elbk h-full dark:bg-gray-800\">\n<div class=\"react-scroll-to-bottom--css-nefwi-1n7m0yu\">\n<div class=\"flex flex-col items-center text-sm dark:bg-gray-800\">\n<div class=\"w-full border-b border-black\/10 dark:border-gray-900\/50 text-gray-800 dark:text-gray-100 group bg-gray-50 dark:bg-[#444654]\">\n<div class=\"text-base gap-4 md:gap-6 m-auto md:max-w-2xl lg:max-w-2xl xl:max-w-3xl p-4 md:py-6 flex lg:px-0\">\n<div class=\"relative flex w-[calc(100%-50px)] flex-col gap-1 md:gap-3 lg:w-[calc(100%-115px)]\">\n<div class=\"flex flex-grow flex-col gap-3\">\n<div class=\"min-h-[20px] flex flex-col items-start gap-4 whitespace-pre-wrap\">\n<div class=\"markdown prose w-full break-words dark:prose-invert light\">\n<h2>La excursi\u00f3n nocturna a los manglares de Damas, cerca de Manuel Antonio, es una de las mejores aventuras nocturnas de Costa Rica. No s\u00f3lo podr\u00e1 ver la vida silvestre, sino tambi\u00e9n en la oscuridad los ojos brillantes que resplandecen en las sombras, las estrellas en lo alto en las noches despejadas. Es m\u00e1gico.<\/h2>\n<\/div>\n<\/div>\n<\/div>\n<\/div>\n<\/div>\n<\/div>\n<\/div>\n<\/div>\n<\/div>\n<\/div>\n<\/div>\n<\/div>\n<\/div>\n<\/div>\n<\/div>\n<\/div>\n<\/div>\n<\/div>\n<\/div>\n<\/div>\n","protected":false},"featured_media":61161,"template":"","meta":{"site-sidebar-layout":"no-sidebar","site-content-layout":"default","ast-site-content-layout":"default","site-content-style":"default","site-sidebar-style":"default","ast-global-header-display":"","ast-banner-title-visibility":"","ast-main-header-display":"","ast-hfb-above-header-display":"","ast-hfb-below-header-display":"","ast-hfb-mobile-header-display":"","site-post-title":"","ast-breadcrumbs-content":"","ast-featured-img":"","footer-sml-layout":"","ast-disable-related-posts":"","theme-transparent-header-meta":"default","adv-header-id-meta":"","stick-header-meta":"","header-above-stick-meta":"","header-main-stick-meta":"","header-below-stick-meta":"","astra-migrate-meta-layouts":"set","ast-page-background-enabled":"default","ast-page-background-meta":{"desktop":{"background-color":"var(--ast-global-color-4)","background-image":"","background-repeat":"repeat","background-position":"center center","background-size":"auto","background-attachment":"scroll","background-type":"","background-media":"","overlay-type":"","overlay-color":"","overlay-opacity":"","overlay-gradient":""},"tablet":{"background-color":"","background-image":"","background-repeat":"repeat","background-position":"center center","background-size":"auto","background-attachment":"scroll","background-type":"","background-media":"","overlay-type":"","overlay-color":"","overlay-opacity":"","overlay-gradient":""},"mobile":{"background-color":"","background-image":"","background-repeat":"repeat","background-position":"center center","background-size":"auto","background-attachment":"scroll","background-type":"","background-media":"","overlay-type":"","overlay-color":"","overlay-opacity":"","overlay-gradient":""}},"ast-content-background-meta":{"desktop":{"background-color":"var(--ast-global-color-5)","background-image":"","background-repeat":"repeat","background-position":"center center","background-size":"auto","background-attachment":"scroll","background-type":"","background-media":"","overlay-type":"","overlay-color":"","overlay-opacity":"","overlay-gradient":""},"tablet":{"background-color":"var(--ast-global-color-5)","background-image":"","background-repeat":"repeat","background-position":"center center","background-size":"auto","background-attachment":"scroll","background-type":"","background-media":"","overlay-type":"","overlay-color":"","overlay-opacity":"","overlay-gradient":""},"mobile":{"background-color":"var(--ast-global-color-5)","background-image":"","background-repeat":"repeat","background-position":"center center","background-size":"auto","background-attachment":"scroll","background-type":"","background-media":"","overlay-type":"","overlay-color":"","overlay-opacity":"","overlay-gradient":""}}},"product_brand":[],"product_cat":[123],"product_tag":[124,128,129,126,127],"class_list":{"0":"post-60668","1":"product","2":"type-product","3":"status-publish","4":"has-post-thumbnail","6":"product_cat-visitas","7":"product_tag-naturaleza","8":"product_tag-para-fotografos","9":"product_tag-para-observadores-de-aves","10":"product_tag-perezosos","11":"product_tag-visitas-guiadas","12":"desktop-align-left","13":"tablet-align-left","14":"mobile-align-left","16":"first","17":"instock","18":"shipping-taxable","19":"purchasable","20":"product-type-simple"},"_links":{"self":[{"href":"https:\/\/epicadventurescr.com\/es\/wp-json\/wp\/v2\/product\/60668","targetHints":{"allow":["GET"]}}],"collection":[{"href":"https:\/\/epicadventurescr.com\/es\/wp-json\/wp\/v2\/product"}],"about":[{"href":"https:\/\/epicadventurescr.com\/es\/wp-json\/wp\/v2\/types\/product"}],"version-history":[{"count":0,"href":"https:\/\/epicadventurescr.com\/es\/wp-json\/wp\/v2\/product\/60668\/revisions"}],"wp:featuredmedia":[{"embeddable":true,"href":"https:\/\/epicadventurescr.com\/es\/wp-json\/wp\/v2\/media\/61161"}],"wp:attachment":[{"href":"https:\/\/epicadventurescr.com\/es\/wp-json\/wp\/v2\/media?parent=60668"}],"wp:term":[{"taxonomy":"product_brand","embeddable":true,"href":"https:\/\/epicadventurescr.com\/es\/wp-json\/wp\/v2\/product_brand?post=60668"},{"taxonomy":"product_cat","embeddable":true,"href":"https:\/\/epicadventurescr.com\/es\/wp-json\/wp\/v2\/product_cat?post=60668"},{"taxonomy":"product_tag","embeddable":true,"href":"https:\/\/epicadventurescr.com\/es\/wp-json\/wp\/v2\/product_tag?post=60668"}],"curies":[{"name":"wp","href":"https:\/\/api.w.org\/{rel}","templated":true}]}}