{"id":59876,"date":"2023-02-24T23:05:03","date_gmt":"2023-02-24T23:05:03","guid":{"rendered":"https:\/\/webcydonia.online\/eacr\/?post_type=product&#038;p=59876"},"modified":"2025-06-29T17:32:18","modified_gmt":"2025-06-29T17:32:18","slug":"excursion-en-barco-por-los-manglares-de-isla-damas-copy-copy","status":"publish","type":"product","link":"https:\/\/epicadventurescr.com\/es\/producto\/excursion-en-barco-por-los-manglares-de-isla-damas-copy-copy\/","title":{"rendered":"Caminata por la naturaleza en el parque Rainmaker"},"content":{"rendered":"\t\t<div data-elementor-type=\"product-post\" data-elementor-id=\"59876\" class=\"elementor elementor-59876 elementor-59875\" data-elementor-post-type=\"product\">\n\t\t\t\t\t\t<section class=\"elementor-section elementor-top-section elementor-element elementor-element-4e76805 elementor-section-boxed elementor-section-height-default elementor-section-height-default\" data-id=\"4e76805\" data-element_type=\"section\" data-e-type=\"section\">\n\t\t\t\t\t\t<div class=\"elementor-container elementor-column-gap-default\">\n\t\t\t\t\t<div class=\"elementor-column elementor-col-50 elementor-top-column elementor-element elementor-element-5756270\" data-id=\"5756270\" data-element_type=\"column\" data-e-type=\"column\">\n\t\t\t<div class=\"elementor-widget-wrap elementor-element-populated\">\n\t\t\t\t\t\t<div class=\"elementor-element elementor-element-3f2570d7 elementor-widget elementor-widget-text-editor\" data-id=\"3f2570d7\" data-element_type=\"widget\" data-e-type=\"widget\" data-widget_type=\"text-editor.default\">\n\t\t\t\t<div class=\"elementor-widget-container\">\n\t\t\t\t\t\t\t\t\t<div class=\"entry-content\"><section class=\"wpb-content-wrapper\"><div class=\"vc_row wpb_row vc_row-fluid\"><div class=\"wpb_column vc_column_container vc_col-sm-9\"><div class=\"vc_column-inner\"><div class=\"wpb_wrapper\"><div class=\"wpb_text_column wpb_content_element \"><div class=\"wpb_wrapper\"><h2>Si busca las mejores excursiones por la naturaleza de Costa Rica, no pierda la oportunidad de explorar el Parque Rainmaker. Rainmaker es un h\u00e1bitat animal excepcional y una selva tropical, lo que la convierte en el lugar ideal para una excursi\u00f3n en la naturaleza<\/h2><p>Situado a s\u00f3lo 30 minutos en coche de Manuel Antonio, Rainmaker Park ofrece una experiencia de senderismo \u00fanica. Su viaje comenzar\u00e1 con un paseo por la selva tropical, donde tendr\u00e1 la oportunidad de avistar diversas aves, insectos y anfibios. A medida que ascienda y atraviese el bosque primario, cruzar\u00e1 varios peque\u00f1os puentes colgantes, lo que a\u00f1ade un elemento extra de aventura.<\/p><p>La caminata le llevar\u00e1 a la cima del Parque Rainmaker, donde podr\u00e1 disfrutar de una espectacular vista del oc\u00e9ano y experimentar una de las mejores caminatas por la naturaleza de Costa Rica. Continuando por los senderos, llegar\u00e1 al sistema Canopy Bridge. Este sistema est\u00e1 formado por puentes colgantes dise\u00f1ados seg\u00fan las normas de ingenier\u00eda estadounidenses y ofrece una impresionante vista de p\u00e1jaro del dosel del bosque sin da\u00f1ar los \u00e1rboles.<\/p><p>M\u00e1s adelante, adentr\u00e1ndose en el bosque, se topar\u00e1 con el magn\u00edfico r\u00edo puro que atraviesa el parque Rainmaker. Con barandillas, pasarelas f\u00e1ciles de seguir y plataformas de observaci\u00f3n, tendr\u00e1 la oportunidad de ver cascadas y fotografiar la rica biodiversidad que ofrece este lugar \u00fanico en su especie.<\/p><p>El punto culminante de su excursi\u00f3n es la magn\u00edfica cascada situada en el centro del Parque Rainmaker. Dese un refrescante chapuz\u00f3n antes de disfrutar de un sabroso almuerzo y regresar a su hotel.<\/p><p>En resumen, Rainmaker Park es realmente una de las mejores caminatas por la naturaleza de Costa Rica que le dejar\u00e1 maravillado con la belleza natural que este pa\u00eds tiene para ofrecer. <\/p><p>Reserve ya su excursi\u00f3n por la naturaleza Rainmaker<\/p><\/div><\/div><\/div><\/div><\/div><\/div><\/section><\/div>\t\t\t\t\t\t\t\t<\/div>\n\t\t\t\t<\/div>\n\t\t\t\t\t<\/div>\n\t\t<\/div>\n\t\t\t\t<div class=\"elementor-column elementor-col-50 elementor-top-column elementor-element elementor-element-50c4007\" data-id=\"50c4007\" data-element_type=\"column\" data-e-type=\"column\">\n\t\t\t<div class=\"elementor-widget-wrap elementor-element-populated\">\n\t\t\t\t\t\t<div class=\"elementor-element elementor-element-afe70be elementor-widget elementor-widget-formidable\" data-id=\"afe70be\" data-element_type=\"widget\" data-e-type=\"widget\" data-widget_type=\"formidable.default\">\n\t\t\t\t<div class=\"elementor-widget-container\">\n\t\t\t\t\t<div class=\"frm_forms  with_frm_style frm_style_formidable-style\" id=\"frm_form_2_container\" data-token=\"9ea543c843bac2e915e4412b6d8f642c\">\n<form enctype=\"multipart\/form-data\" method=\"post\" class=\"frm-show-form  frm_pro_form \" id=\"form_reserveyourtour\" data-token=\"9ea543c843bac2e915e4412b6d8f642c\">\n<div class=\"frm_form_fields \">\n<fieldset>\n<legend class=\"frm_screen_reader\">Reserve your tour!<\/legend>\r\n\r\n<div class=\"frm_fields_container\">\n<input type=\"hidden\" name=\"frm_action\" value=\"create\" \/>\n<input type=\"hidden\" name=\"form_id\" value=\"2\" \/>\n<input type=\"hidden\" name=\"frm_hide_fields_2\" id=\"frm_hide_fields_2\" value=\"\" \/>\n<input type=\"hidden\" name=\"form_key\" value=\"reserveyourtour\" \/>\n<input type=\"hidden\" name=\"item_meta[0]\" value=\"\" \/>\n<input type=\"hidden\" id=\"frm_submit_entry_2\" name=\"frm_submit_entry_2\" value=\"56e29bd9ac\" \/><input type=\"hidden\" name=\"_wp_http_referer\" value=\"\/es\/wp-json\/wp\/v2\/product\/59876\" \/><div id=\"frm_field_7_container\" class=\"frm_form_field form-field  frm_required_field frm_top_container\">\r\n    <div  id=\"field_5p532_label\" class=\"frm_primary_label\">Name\r\n        <span class=\"frm_required\" aria-hidden=\"true\">*<\/span>\r\n    <\/div>\r\n    <fieldset aria-labelledby=\"field_5p532_label\">\n\t<legend class=\"frm_screen_reader frm_hidden\">\n\t\tName\t<\/legend>\n\n\t<div  class=\"frm_combo_inputs_container\" id=\"frm_combo_inputs_container_7\" data-name-layout=\"first_last\">\n\t\t\t\t\t<div\n\t\t\t\tid=\"frm_field_7-first_container\"\n\t\t\t\tclass=\"frm_form_field form-field frm_form_subfield-first  frm6\"\n\t\t\t\tdata-sub-field-name=\"first\"\n\t\t\t>\n\t\t\t\t<label for=\"field_5p532_first\" class=\"frm_screen_reader frm_hidden\">\n\t\t\t\t\tFirst\t\t\t\t<\/label>\n\n\t\t\t\t<input  type=\"text\" id=\"field_5p532_first\" value=\"\" name=\"item_meta[7][first]\" autocomplete=\"given-name\" data-reqmsg=\"Name cannot be blank.\" aria-required=\"true\" data-invmsg=\"Name no es v\u00e1lido\" aria-invalid=\"false\"  \/><div class=\"frm_description\" id=\"frm_field_7_first_desc\">First<\/div>\t\t\t<\/div>\n\t\t\t\t\t\t<div\n\t\t\t\tid=\"frm_field_7-last_container\"\n\t\t\t\tclass=\"frm_form_field form-field frm_form_subfield-last  frm6\"\n\t\t\t\tdata-sub-field-name=\"last\"\n\t\t\t>\n\t\t\t\t<label for=\"field_5p532_last\" class=\"frm_screen_reader frm_hidden\">\n\t\t\t\t\tLast\t\t\t\t<\/label>\n\n\t\t\t\t<input  type=\"text\" id=\"field_5p532_last\" value=\"\" name=\"item_meta[7][last]\" autocomplete=\"family-name\" data-reqmsg=\"Name cannot be blank.\" aria-required=\"true\" data-invmsg=\"Name no es v\u00e1lido\" aria-invalid=\"false\"  \/><div class=\"frm_description\" id=\"frm_field_7_last_desc\">Last<\/div>\t\t\t<\/div>\n\t\t\t\t<\/div>\n<\/fieldset>\n\r\n    \r\n    \r\n<\/div>\n<div id=\"frm_field_8_container\" class=\"frm_form_field form-field  frm_required_field frm_top_container\">\r\n    <label for=\"field_xvhgf\" id=\"field_xvhgf_label\" class=\"frm_primary_label\">Email\r\n        <span class=\"frm_required\" aria-hidden=\"true\">*<\/span>\r\n    <\/label>\r\n    <input type=\"email\" id=\"field_xvhgf\" name=\"item_meta[8]\" value=\"\"  data-reqmsg=\"Email cannot be blank.\" aria-required=\"true\" data-invmsg=\"Email is invalid\" aria-invalid=\"false\"  \/>\r\n    \r\n    \r\n<\/div>\n<div id=\"frm_field_9_container\" class=\"frm_form_field form-field  frm_top_container\">\r\n    <label for=\"field_nrinz\" id=\"field_nrinz_label\" class=\"frm_primary_label\">Phone\r\n        <span class=\"frm_required\" aria-hidden=\"true\"><\/span>\r\n    <\/label>\r\n    <input type=\"tel\" id=\"field_nrinz\" name=\"item_meta[9]\" value=\"\"  data-invmsg=\"Phone is invalid\" aria-invalid=\"false\" pattern=\"((\\+\\d{1,3}(-|.| )?\\(?\\d\\)?(-| |.)?\\d{1,5})|(\\(?\\d{2,6}\\)?))(-|.| )?(\\d{3,4})(-|.| )?(\\d{4})(( x| ext)\\d{1,5}){0,1}$\"  \/>\r\n    \r\n    \r\n<\/div>\n<div id=\"frm_field_13_container\" class=\"frm_form_field form-field  frm_required_field frm_top_container frm_two_col\">\r\n    <div  id=\"field_eds5x_label\" class=\"frm_primary_label\">Pick the tours you'd like to do with us: \r\n        <span class=\"frm_required\" aria-hidden=\"true\">*<\/span>\r\n    <\/div>\r\n    <div class=\"frm_opt_container\" aria-labelledby=\"field_eds5x_label\" role=\"group\">\t\t<div class=\"frm_checkbox\" id=\"frm_checkbox_13-0\">\t\t\t<label  for=\"field_eds5x-0\">\n\t\t\t<input type=\"checkbox\" name=\"item_meta[13][]\" id=\"field_eds5x-0\" value=\"Manuel Antonio National Park Guided Walk\"  data-reqmsg=\"Pick the tours you&#039;d like to do with us:  cannot be blank.\" data-invmsg=\"Pick the tours you&#039;d like to do with us:  no es v\u00e1lido\"   aria-required=\"true\"  \/> Manuel Antonio National Park Guided Walk<\/label><\/div>\n\t\t<div class=\"frm_checkbox\" id=\"frm_checkbox_13-4\">\t\t\t<label  for=\"field_eds5x-4\">\n\t\t\t<input type=\"checkbox\" name=\"item_meta[13][]\" id=\"field_eds5x-4\" value=\"Rainmaker Guided Walk\"  data-reqmsg=\"Pick the tours you&#039;d like to do with us:  cannot be blank.\" data-invmsg=\"Pick the tours you&#039;d like to do with us:  no es v\u00e1lido\"   \/> Rainmaker Guided Walk<\/label><\/div>\n\t\t<div class=\"frm_checkbox\" id=\"frm_checkbox_13-5\">\t\t\t<label  for=\"field_eds5x-5\">\n\t\t\t<input type=\"checkbox\" name=\"item_meta[13][]\" id=\"field_eds5x-5\" value=\"Corcovado National Park from Manuel Antonio\"  data-reqmsg=\"Pick the tours you&#039;d like to do with us:  cannot be blank.\" data-invmsg=\"Pick the tours you&#039;d like to do with us:  no es v\u00e1lido\"   \/> Corcovado National Park from Manuel Antonio<\/label><\/div>\n\t\t<div class=\"frm_checkbox\" id=\"frm_checkbox_13-1\">\t\t\t<label  for=\"field_eds5x-1\">\n\t\t\t<input type=\"checkbox\" name=\"item_meta[13][]\" id=\"field_eds5x-1\" value=\"Damas Mangroves by boat\"  data-reqmsg=\"Pick the tours you&#039;d like to do with us:  cannot be blank.\" data-invmsg=\"Pick the tours you&#039;d like to do with us:  no es v\u00e1lido\"   \/> Damas Mangroves by boat<\/label><\/div>\n\t\t<div class=\"frm_checkbox\" id=\"frm_checkbox_13-2\">\t\t\t<label  for=\"field_eds5x-2\">\n\t\t\t<input type=\"checkbox\" name=\"item_meta[13][]\" id=\"field_eds5x-2\" value=\"Damas Mangroves by night\"  data-reqmsg=\"Pick the tours you&#039;d like to do with us:  cannot be blank.\" data-invmsg=\"Pick the tours you&#039;d like to do with us:  no es v\u00e1lido\"   \/> Damas Mangroves by night<\/label><\/div>\n\t\t<div class=\"frm_checkbox\" id=\"frm_checkbox_13-3\">\t\t\t<label  for=\"field_eds5x-3\">\n\t\t\t<input type=\"checkbox\" name=\"item_meta[13][]\" id=\"field_eds5x-3\" value=\"Damas Mangroves by Kayak\"  data-reqmsg=\"Pick the tours you&#039;d like to do with us:  cannot be blank.\" data-invmsg=\"Pick the tours you&#039;d like to do with us:  no es v\u00e1lido\"   \/> Damas Mangroves by Kayak<\/label><\/div>\n\t\t<div class=\"frm_checkbox\" id=\"frm_checkbox_13-6\">\t\t\t<label  for=\"field_eds5x-6\">\n\t\t\t<input type=\"checkbox\" name=\"item_meta[13][]\" id=\"field_eds5x-6\" value=\"Nauyaca Waterfalls\"  data-reqmsg=\"Pick the tours you&#039;d like to do with us:  cannot be blank.\" data-invmsg=\"Pick the tours you&#039;d like to do with us:  no es v\u00e1lido\"   \/> Nauyaca Waterfalls<\/label><\/div>\n\t\t<div class=\"frm_checkbox\" id=\"frm_checkbox_13-7\">\t\t\t<label  for=\"field_eds5x-7\">\n\t\t\t<input type=\"checkbox\" name=\"item_meta[13][]\" id=\"field_eds5x-7\" value=\"Night Walk\"  data-reqmsg=\"Pick the tours you&#039;d like to do with us:  cannot be blank.\" data-invmsg=\"Pick the tours you&#039;d like to do with us:  no es v\u00e1lido\"   \/> Night Walk<\/label><\/div>\n\t\t<div class=\"frm_checkbox\" id=\"frm_checkbox_13-8\">\t\t\t<label  for=\"field_eds5x-8\">\n\t\t\t<input type=\"checkbox\" name=\"item_meta[13][]\" id=\"field_eds5x-8\" value=\"Sea Kayaking Tour\"  data-reqmsg=\"Pick the tours you&#039;d like to do with us:  cannot be blank.\" data-invmsg=\"Pick the tours you&#039;d like to do with us:  no es v\u00e1lido\"   \/> Sea Kayaking Tour<\/label><\/div>\n<\/div>\r\n    \r\n    \r\n<\/div>\n<div id=\"frm_field_11_container\" class=\"frm_form_field form-field  frm_top_container\">\r\n    <label for=\"field_iak53\" id=\"field_iak53_label\" class=\"frm_primary_label\">Date\r\n        <span class=\"frm_required\" aria-hidden=\"true\"><\/span>\r\n    <\/label>\r\n    <input type=\"text\" id=\"field_iak53\" name=\"item_meta[11]\" value=\"04\/21\/2026\"  maxlength=\"10\" data-frmval=\"04\/21\/2026\" data-invmsg=\"Date is invalid\" class=\"frm_date\" aria-invalid=\"false\"  \/>\r\n    \r\n    \r\n<\/div>\n<div id=\"frm_field_14_container\" class=\"frm_form_field form-field  frm_top_container\">\r\n    <label for=\"field_4cv8c\" id=\"field_4cv8c_label\" class=\"frm_primary_label\">Number of Passengers\r\n        <span class=\"frm_required\" aria-hidden=\"true\"><\/span>\r\n    <\/label>\r\n    <input type=\"number\" id=\"field_4cv8c\" name=\"item_meta[14]\" value=\"\" data-invmsg=\"Number is invalid\" aria-invalid=\"false\"   min=\"0\" max=\"9999999\" step=\"any\" \/>\r\n    \r\n    \r\n<\/div>\n<div id=\"frm_field_15_container\" class=\"frm_form_field form-field  frm_top_container\">\r\n    <label for=\"field_md5uy\" id=\"field_md5uy_label\" class=\"frm_primary_label\">You are staying at: \r\n        <span class=\"frm_required\" aria-hidden=\"true\"><\/span>\r\n    <\/label>\r\n    <input  type=\"text\" id=\"field_md5uy\" name=\"item_meta[15]\" value=\"\"  data-invmsg=\"Text is invalid\" aria-invalid=\"false\"   \/>\r\n    \r\n    \r\n<\/div>\n<div id=\"frm_field_17_container\" class=\"frm_form_field form-field  frm_top_container frm12 frm_first\">\r\n    <label for=\"field_ctij8\" id=\"field_ctij8_label\" class=\"frm_primary_label\">Comments\r\n        <span class=\"frm_required\" aria-hidden=\"true\"><\/span>\r\n    <\/label>\r\n    <textarea name=\"item_meta[17]\" id=\"field_ctij8\" rows=\"5\"  data-invmsg=\"Paragraph is invalid\" aria-invalid=\"false\"  ><\/textarea>\r\n    \r\n    \r\n<\/div>\n<div id=\"frm_field_19_container\" class=\"frm_form_field form-field  frm_none_container\">\r\n    <label for=\"g-recaptcha-response\" id=\"field_nowbl_label\" class=\"frm_primary_label\">Captcha\r\n        <span class=\"frm_required\" aria-hidden=\"true\"><\/span>\r\n    <\/label>\r\n    <div  id=\"field_nowbl\" class=\"frm-g-recaptcha\" data-sitekey=\"6LcsxcYhAAAAACGibGrn9XTbasGg3l4BovjDXubA\" data-size=\"invisible\" data-theme=\"light\"><\/div>\r\n    \r\n    \r\n<\/div>\n<div id=\"frm_field_21_container\" class=\"frm_form_field form-field \">\n\t<div class=\"frm_submit\">\r\n\r\n<button class=\"frm_button_submit frm_final_submit\" type=\"submit\"   formnovalidate=\"formnovalidate\">Let&#039;s do it!<\/button>\r\n\r\n\r\n<\/div>\n<\/div>\n\t<input type=\"hidden\" name=\"item_key\" value=\"\" \/>\n\t\t\t<div id=\"frm_field_23_container\">\n\t\t\t<label for=\"field_1k0f2\" >\n\t\t\t\tSi eres humano, deja este campo en blanco.\t\t\t<\/label>\n\t\t\t<input  id=\"field_1k0f2\" type=\"text\" class=\"frm_form_field form-field frm_verify\" name=\"item_meta[23]\" value=\"\"  \/>\n\t\t<\/div>\n\t\t<input name=\"frm_state\" type=\"hidden\" value=\"mRoPFZb52nSe6TlfbhxNXNxi\/Nto9V2bLhFxoA+RtaG2hZvHPwCYZzOtse04kYt+\" \/><\/div>\n<\/fieldset>\n<\/div>\n\n<p style=\"display: none !important;\" class=\"akismet-fields-container\" data-prefix=\"ak_\"><label>&#916;<textarea name=\"ak_hp_textarea\" cols=\"45\" rows=\"8\" maxlength=\"100\"><\/textarea><\/label><input type=\"hidden\" id=\"ak_js_1\" name=\"ak_js\" value=\"28\"\/><script>document.getElementById( \"ak_js_1\" ).setAttribute( \"value\", ( new Date() ).getTime() );<\/script><\/p><\/form>\n<\/div>\n\t\t\t\t<\/div>\n\t\t\t\t<\/div>\n\t\t\t\t\t<\/div>\n\t\t<\/div>\n\t\t\t\t\t<\/div>\n\t\t<\/section>\n\t\t\t\t<section class=\"elementor-section elementor-top-section elementor-element elementor-element-9f0a70b elementor-section-full_width elementor-section-height-default elementor-section-height-default\" data-id=\"9f0a70b\" data-element_type=\"section\" data-e-type=\"section\">\n\t\t\t\t\t\t<div class=\"elementor-container elementor-column-gap-default\">\n\t\t\t\t\t<div class=\"elementor-column elementor-col-33 elementor-top-column elementor-element elementor-element-30316554\" data-id=\"30316554\" data-element_type=\"column\" data-e-type=\"column\">\n\t\t\t<div class=\"elementor-widget-wrap\">\n\t\t\t\t\t\t\t<\/div>\n\t\t<\/div>\n\t\t\t\t<div class=\"elementor-column elementor-col-33 elementor-top-column elementor-element elementor-element-e281144\" data-id=\"e281144\" data-element_type=\"column\" data-e-type=\"column\">\n\t\t\t<div class=\"elementor-widget-wrap\">\n\t\t\t\t\t\t\t<\/div>\n\t\t<\/div>\n\t\t\t\t<div class=\"elementor-column elementor-col-33 elementor-top-column elementor-element elementor-element-86826d5\" data-id=\"86826d5\" data-element_type=\"column\" data-e-type=\"column\">\n\t\t\t<div class=\"elementor-widget-wrap\">\n\t\t\t\t\t\t\t<\/div>\n\t\t<\/div>\n\t\t\t\t\t<\/div>\n\t\t<\/section>\n\t\t\t\t<section class=\"elementor-section elementor-top-section elementor-element elementor-element-78b909a7 elementor-section-boxed elementor-section-height-default elementor-section-height-default\" data-id=\"78b909a7\" data-element_type=\"section\" data-e-type=\"section\">\n\t\t\t\t\t\t<div class=\"elementor-container elementor-column-gap-default\">\n\t\t\t\t\t<div class=\"elementor-column elementor-col-100 elementor-top-column elementor-element elementor-element-7eb6d42\" data-id=\"7eb6d42\" data-element_type=\"column\" data-e-type=\"column\">\n\t\t\t<div class=\"elementor-widget-wrap\">\n\t\t\t\t\t\t\t<\/div>\n\t\t<\/div>\n\t\t\t\t\t<\/div>\n\t\t<\/section>\n\t\t\t\t<\/div>\n\t\t","protected":false},"excerpt":{"rendered":"<div class=\"flex-1 overflow-hidden\">\n<div class=\"react-scroll-to-bottom--css-xdlkp-79elbk h-full dark:bg-gray-800\">\n<div class=\"react-scroll-to-bottom--css-xdlkp-1n7m0yu\">\n<div class=\"flex flex-col items-center text-sm dark:bg-gray-800\">\n<div class=\"w-full border-b border-black\/10 dark:border-gray-900\/50 text-gray-800 dark:text-gray-100 group bg-gray-50 dark:bg-[#444654]\">\n<div class=\"text-base gap-4 md:gap-6 m-auto md:max-w-2xl lg:max-w-2xl xl:max-w-3xl p-4 md:py-6 flex lg:px-0\">\n<div class=\"relative flex w-[calc(100%-50px)] flex-col gap-1 md:gap-3 lg:w-[calc(100%-115px)]\">\n<div class=\"flex flex-grow flex-col gap-3\">\n<div class=\"min-h-[20px] flex flex-col items-start gap-4 whitespace-pre-wrap\">\n<div class=\"markdown prose w-full break-words dark:prose-invert light\">\n<div class=\"flex-1 overflow-hidden\">\n<div class=\"react-scroll-to-bottom--css-nefwi-79elbk h-full dark:bg-gray-800\">\n<div class=\"react-scroll-to-bottom--css-nefwi-1n7m0yu\">\n<div class=\"flex flex-col items-center text-sm dark:bg-gray-800\">\n<div class=\"w-full border-b border-black\/10 dark:border-gray-900\/50 text-gray-800 dark:text-gray-100 group bg-gray-50 dark:bg-[#444654]\">\n<div class=\"text-base gap-4 md:gap-6 m-auto md:max-w-2xl lg:max-w-2xl xl:max-w-3xl p-4 md:py-6 flex lg:px-0\">\n<div class=\"relative flex w-[calc(100%-50px)] flex-col gap-1 md:gap-3 lg:w-[calc(100%-115px)]\">\n<div class=\"flex flex-grow flex-col gap-3\">\n<div class=\"min-h-[20px] flex flex-col items-start gap-4 whitespace-pre-wrap\">\n<div class=\"markdown prose w-full break-words dark:prose-invert light\">\n<h2>Rainmaker Park Nature Hike ofrece una experiencia \u00fanica de senderismo por la naturaleza en Costa Rica. Desde el paseo por la selva hasta la cima, observar\u00e1 diversas aves, insectos y anfibios mientras cruza puentes colgantes.<\/h2>\n<p>El sistema Canopy Bridge ofrece una impresionante vista de p\u00e1jaro del dosel forestal, y el r\u00edo puro y las cascadas ofrecen una rica biodiversidad. Le espera un refrescante chapuz\u00f3n en la magn\u00edfica cascada, y despu\u00e9s de la caminata se sirve un sabroso almuerzo. Explore el Parque Rainmaker para vivir una experiencia sobrecogedora de la belleza natural de Costa Rica.<\/p>\n<h2><\/h2>\n<\/div>\n<\/div>\n<\/div>\n<\/div>\n<\/div>\n<\/div>\n<\/div>\n<\/div>\n<\/div>\n<\/div>\n<\/div>\n<\/div>\n<\/div>\n<\/div>\n<\/div>\n<\/div>\n<\/div>\n<\/div>\n<\/div>\n<\/div>\n","protected":false},"featured_media":59802,"template":"","meta":{"site-sidebar-layout":"no-sidebar","site-content-layout":"default","ast-site-content-layout":"default","site-content-style":"default","site-sidebar-style":"default","ast-global-header-display":"","ast-banner-title-visibility":"","ast-main-header-display":"","ast-hfb-above-header-display":"","ast-hfb-below-header-display":"","ast-hfb-mobile-header-display":"","site-post-title":"","ast-breadcrumbs-content":"","ast-featured-img":"","footer-sml-layout":"","ast-disable-related-posts":"","theme-transparent-header-meta":"default","adv-header-id-meta":"","stick-header-meta":"","header-above-stick-meta":"","header-main-stick-meta":"","header-below-stick-meta":"","astra-migrate-meta-layouts":"set","ast-page-background-enabled":"default","ast-page-background-meta":{"desktop":{"background-color":"var(--ast-global-color-4)","background-image":"","background-repeat":"repeat","background-position":"center center","background-size":"auto","background-attachment":"scroll","background-type":"","background-media":"","overlay-type":"","overlay-color":"","overlay-opacity":"","overlay-gradient":""},"tablet":{"background-color":"","background-image":"","background-repeat":"repeat","background-position":"center center","background-size":"auto","background-attachment":"scroll","background-type":"","background-media":"","overlay-type":"","overlay-color":"","overlay-opacity":"","overlay-gradient":""},"mobile":{"background-color":"","background-image":"","background-repeat":"repeat","background-position":"center center","background-size":"auto","background-attachment":"scroll","background-type":"","background-media":"","overlay-type":"","overlay-color":"","overlay-opacity":"","overlay-gradient":""}},"ast-content-background-meta":{"desktop":{"background-color":"var(--ast-global-color-5)","background-image":"","background-repeat":"repeat","background-position":"center center","background-size":"auto","background-attachment":"scroll","background-type":"","background-media":"","overlay-type":"","overlay-color":"","overlay-opacity":"","overlay-gradient":""},"tablet":{"background-color":"var(--ast-global-color-5)","background-image":"","background-repeat":"repeat","background-position":"center center","background-size":"auto","background-attachment":"scroll","background-type":"","background-media":"","overlay-type":"","overlay-color":"","overlay-opacity":"","overlay-gradient":""},"mobile":{"background-color":"var(--ast-global-color-5)","background-image":"","background-repeat":"repeat","background-position":"center center","background-size":"auto","background-attachment":"scroll","background-type":"","background-media":"","overlay-type":"","overlay-color":"","overlay-opacity":"","overlay-gradient":""}}},"product_brand":[],"product_cat":[123],"product_tag":[125,124,128,129,126,127],"class_list":{"0":"post-59876","1":"product","2":"type-product","3":"status-publish","4":"has-post-thumbnail","6":"product_cat-visitas","7":"product_tag-monos","8":"product_tag-naturaleza","9":"product_tag-para-fotografos","10":"product_tag-para-observadores-de-aves","11":"product_tag-perezosos","12":"product_tag-visitas-guiadas","13":"desktop-align-left","14":"tablet-align-left","15":"mobile-align-left","17":"first","18":"instock","19":"shipping-taxable","20":"product-type-simple"},"_links":{"self":[{"href":"https:\/\/epicadventurescr.com\/es\/wp-json\/wp\/v2\/product\/59876","targetHints":{"allow":["GET"]}}],"collection":[{"href":"https:\/\/epicadventurescr.com\/es\/wp-json\/wp\/v2\/product"}],"about":[{"href":"https:\/\/epicadventurescr.com\/es\/wp-json\/wp\/v2\/types\/product"}],"version-history":[{"count":0,"href":"https:\/\/epicadventurescr.com\/es\/wp-json\/wp\/v2\/product\/59876\/revisions"}],"wp:featuredmedia":[{"embeddable":true,"href":"https:\/\/epicadventurescr.com\/es\/wp-json\/wp\/v2\/media\/59802"}],"wp:attachment":[{"href":"https:\/\/epicadventurescr.com\/es\/wp-json\/wp\/v2\/media?parent=59876"}],"wp:term":[{"taxonomy":"product_brand","embeddable":true,"href":"https:\/\/epicadventurescr.com\/es\/wp-json\/wp\/v2\/product_brand?post=59876"},{"taxonomy":"product_cat","embeddable":true,"href":"https:\/\/epicadventurescr.com\/es\/wp-json\/wp\/v2\/product_cat?post=59876"},{"taxonomy":"product_tag","embeddable":true,"href":"https:\/\/epicadventurescr.com\/es\/wp-json\/wp\/v2\/product_tag?post=59876"}],"curies":[{"name":"wp","href":"https:\/\/api.w.org\/{rel}","templated":true}]}}