{"id":59854,"date":"2023-02-24T22:25:28","date_gmt":"2023-02-24T22:25:28","guid":{"rendered":"https:\/\/webcydonia.online\/eacr\/?post_type=product&#038;p=59854"},"modified":"2025-06-29T17:32:18","modified_gmt":"2025-06-29T17:32:18","slug":"corcovado-national-park-from-manuel-antonio","status":"publish","type":"product","link":"https:\/\/epicadventurescr.com\/es\/producto\/corcovado-national-park-from-manuel-antonio\/","title":{"rendered":"Parque Nacional Corcovado desde Manuel Antonio"},"content":{"rendered":"\t\t<div data-elementor-type=\"product-post\" data-elementor-id=\"59854\" class=\"elementor elementor-59854 elementor-59853\" data-elementor-post-type=\"product\">\n\t\t\t\t\t\t<section class=\"elementor-section elementor-top-section elementor-element elementor-element-b4b8c14 elementor-section-boxed elementor-section-height-default elementor-section-height-default\" data-id=\"b4b8c14\" data-element_type=\"section\" data-e-type=\"section\">\n\t\t\t\t\t\t<div class=\"elementor-container elementor-column-gap-default\">\n\t\t\t\t\t<div class=\"elementor-column elementor-col-50 elementor-top-column elementor-element elementor-element-ecbe9e9\" data-id=\"ecbe9e9\" data-element_type=\"column\" data-e-type=\"column\">\n\t\t\t<div class=\"elementor-widget-wrap elementor-element-populated\">\n\t\t\t\t\t\t<div class=\"elementor-element elementor-element-7f7fbd4e elementor-widget elementor-widget-text-editor\" data-id=\"7f7fbd4e\" data-element_type=\"widget\" data-e-type=\"widget\" data-widget_type=\"text-editor.default\">\n\t\t\t\t<div class=\"elementor-widget-container\">\n\t\t\t\t\t\t\t\t\t<p>Esta excursi\u00f3n le llevar\u00e1 desde Manuel Antonio hasta el Parque Nacional de Corcovado. El d\u00eda comienza temprano con la recogida en tu hotel y un viaje a los Manglares de Sierpe, donde embarcar\u00e1s en una lancha para dar un paseo de dos horas por los manglares y adentrarte en el oc\u00e9ano Pac\u00edfico. A lo largo del camino, podr\u00e1 ver delfines, tortugas marinas y ballenas jorobadas durante la temporada.<\/p><p>Los senderos del Parque Nacional del Corcovado son llanos y est\u00e1n bien cuidados, pero pueden ser h\u00famedos y calurosos, con muchos mosquitos, durante la estaci\u00f3n lluviosa. El parque abarca 1812 km2, y la Pen\u00ednsula de Osa es uno de los lugares con mayor biodiversidad de la Tierra. Empezar\u00e1 la excursi\u00f3n en un rellano mojado en la playa y tendr\u00e1 la oportunidad de ver monos, perezosos y otros animales salvajes.<\/p><p>Tras una caminata de dos horas, disfrutar\u00e1 de un copioso almuerzo en el puesto de guardabosques antes de emprender una segunda caminata, m\u00e1s corta, hasta una peque\u00f1a cascada. El d\u00eda termina con un paseo en barco de vuelta a Sierpe, llegando a Manuel Antonio despu\u00e9s de la puesta de sol. Se recomienda reservar con antelaci\u00f3n debido a las pol\u00edticas gubernamentales que limitan el n\u00famero de visitantes diarios al parque.<\/p>\t\t\t\t\t\t\t\t<\/div>\n\t\t\t\t<\/div>\n\t\t\t\t\t<\/div>\n\t\t<\/div>\n\t\t\t\t<div class=\"elementor-column elementor-col-50 elementor-top-column elementor-element elementor-element-13e1464\" data-id=\"13e1464\" data-element_type=\"column\" data-e-type=\"column\">\n\t\t\t<div class=\"elementor-widget-wrap elementor-element-populated\">\n\t\t\t\t\t\t<div class=\"elementor-element elementor-element-acfe584 elementor-widget elementor-widget-formidable\" data-id=\"acfe584\" data-element_type=\"widget\" data-e-type=\"widget\" data-widget_type=\"formidable.default\">\n\t\t\t\t<div class=\"elementor-widget-container\">\n\t\t\t\t\t<div class=\"frm_forms  with_frm_style frm_style_formidable-style\" id=\"frm_form_2_container\" data-token=\"fb54fada4422789c3739d59a008d9ac9\">\n<form enctype=\"multipart\/form-data\" method=\"post\" class=\"frm-show-form  frm_pro_form \" id=\"form_reserveyourtour\" data-token=\"fb54fada4422789c3739d59a008d9ac9\">\n<div class=\"frm_form_fields \">\n<fieldset>\n<legend class=\"frm_screen_reader\">Reserve your tour!<\/legend>\r\n\r\n<div class=\"frm_fields_container\">\n<input type=\"hidden\" name=\"frm_action\" value=\"create\" \/>\n<input type=\"hidden\" name=\"form_id\" value=\"2\" \/>\n<input type=\"hidden\" name=\"frm_hide_fields_2\" id=\"frm_hide_fields_2\" value=\"\" \/>\n<input type=\"hidden\" name=\"form_key\" value=\"reserveyourtour\" \/>\n<input type=\"hidden\" name=\"item_meta[0]\" value=\"\" \/>\n<input type=\"hidden\" id=\"frm_submit_entry_2\" name=\"frm_submit_entry_2\" value=\"419a655a0d\" \/><input type=\"hidden\" name=\"_wp_http_referer\" value=\"\/es\/wp-json\/wp\/v2\/product\/59854\" \/><div id=\"frm_field_7_container\" class=\"frm_form_field form-field  frm_required_field frm_top_container\">\r\n    <div  id=\"field_5p532_label\" class=\"frm_primary_label\">Name\r\n        <span class=\"frm_required\" aria-hidden=\"true\">*<\/span>\r\n    <\/div>\r\n    <fieldset aria-labelledby=\"field_5p532_label\">\n\t<legend class=\"frm_screen_reader frm_hidden\">\n\t\tName\t<\/legend>\n\n\t<div  class=\"frm_combo_inputs_container\" id=\"frm_combo_inputs_container_7\" data-name-layout=\"first_last\">\n\t\t\t\t\t<div\n\t\t\t\tid=\"frm_field_7-first_container\"\n\t\t\t\tclass=\"frm_form_field form-field frm_form_subfield-first  frm6\"\n\t\t\t\tdata-sub-field-name=\"first\"\n\t\t\t>\n\t\t\t\t<label for=\"field_5p532_first\" class=\"frm_screen_reader frm_hidden\">\n\t\t\t\t\tFirst\t\t\t\t<\/label>\n\n\t\t\t\t<input  type=\"text\" id=\"field_5p532_first\" value=\"\" name=\"item_meta[7][first]\" autocomplete=\"given-name\" data-reqmsg=\"Name cannot be blank.\" aria-required=\"true\" data-invmsg=\"Name no es v\u00e1lido\" aria-invalid=\"false\"  \/><div class=\"frm_description\" id=\"frm_field_7_first_desc\">First<\/div>\t\t\t<\/div>\n\t\t\t\t\t\t<div\n\t\t\t\tid=\"frm_field_7-last_container\"\n\t\t\t\tclass=\"frm_form_field form-field frm_form_subfield-last  frm6\"\n\t\t\t\tdata-sub-field-name=\"last\"\n\t\t\t>\n\t\t\t\t<label for=\"field_5p532_last\" class=\"frm_screen_reader frm_hidden\">\n\t\t\t\t\tLast\t\t\t\t<\/label>\n\n\t\t\t\t<input  type=\"text\" id=\"field_5p532_last\" value=\"\" name=\"item_meta[7][last]\" autocomplete=\"family-name\" data-reqmsg=\"Name cannot be blank.\" aria-required=\"true\" data-invmsg=\"Name no es v\u00e1lido\" aria-invalid=\"false\"  \/><div class=\"frm_description\" id=\"frm_field_7_last_desc\">Last<\/div>\t\t\t<\/div>\n\t\t\t\t<\/div>\n<\/fieldset>\n\r\n    \r\n    \r\n<\/div>\n<div id=\"frm_field_8_container\" class=\"frm_form_field form-field  frm_required_field frm_top_container\">\r\n    <label for=\"field_xvhgf\" id=\"field_xvhgf_label\" class=\"frm_primary_label\">Email\r\n        <span class=\"frm_required\" aria-hidden=\"true\">*<\/span>\r\n    <\/label>\r\n    <input type=\"email\" id=\"field_xvhgf\" name=\"item_meta[8]\" value=\"\"  data-reqmsg=\"Email cannot be blank.\" aria-required=\"true\" data-invmsg=\"Email is invalid\" aria-invalid=\"false\"  \/>\r\n    \r\n    \r\n<\/div>\n<div id=\"frm_field_9_container\" class=\"frm_form_field form-field  frm_top_container\">\r\n    <label for=\"field_nrinz\" id=\"field_nrinz_label\" class=\"frm_primary_label\">Phone\r\n        <span class=\"frm_required\" aria-hidden=\"true\"><\/span>\r\n    <\/label>\r\n    <input type=\"tel\" id=\"field_nrinz\" name=\"item_meta[9]\" value=\"\"  data-invmsg=\"Phone is invalid\" aria-invalid=\"false\" pattern=\"((\\+\\d{1,3}(-|.| )?\\(?\\d\\)?(-| |.)?\\d{1,5})|(\\(?\\d{2,6}\\)?))(-|.| )?(\\d{3,4})(-|.| )?(\\d{4})(( x| ext)\\d{1,5}){0,1}$\"  \/>\r\n    \r\n    \r\n<\/div>\n<div id=\"frm_field_13_container\" class=\"frm_form_field form-field  frm_required_field frm_top_container frm_two_col\">\r\n    <div  id=\"field_eds5x_label\" class=\"frm_primary_label\">Pick the tours you'd like to do with us: \r\n        <span class=\"frm_required\" aria-hidden=\"true\">*<\/span>\r\n    <\/div>\r\n    <div class=\"frm_opt_container\" aria-labelledby=\"field_eds5x_label\" role=\"group\">\t\t<div class=\"frm_checkbox\" id=\"frm_checkbox_13-0\">\t\t\t<label  for=\"field_eds5x-0\">\n\t\t\t<input type=\"checkbox\" name=\"item_meta[13][]\" id=\"field_eds5x-0\" value=\"Manuel Antonio National Park Guided Walk\"  data-reqmsg=\"Pick the tours you&#039;d like to do with us:  cannot be blank.\" data-invmsg=\"Pick the tours you&#039;d like to do with us:  no es v\u00e1lido\"   aria-required=\"true\"  \/> Manuel Antonio National Park Guided Walk<\/label><\/div>\n\t\t<div class=\"frm_checkbox\" id=\"frm_checkbox_13-4\">\t\t\t<label  for=\"field_eds5x-4\">\n\t\t\t<input type=\"checkbox\" name=\"item_meta[13][]\" id=\"field_eds5x-4\" value=\"Rainmaker Guided Walk\"  data-reqmsg=\"Pick the tours you&#039;d like to do with us:  cannot be blank.\" data-invmsg=\"Pick the tours you&#039;d like to do with us:  no es v\u00e1lido\"   \/> Rainmaker Guided Walk<\/label><\/div>\n\t\t<div class=\"frm_checkbox\" id=\"frm_checkbox_13-5\">\t\t\t<label  for=\"field_eds5x-5\">\n\t\t\t<input type=\"checkbox\" name=\"item_meta[13][]\" id=\"field_eds5x-5\" value=\"Corcovado National Park from Manuel Antonio\"  data-reqmsg=\"Pick the tours you&#039;d like to do with us:  cannot be blank.\" data-invmsg=\"Pick the tours you&#039;d like to do with us:  no es v\u00e1lido\"   \/> Corcovado National Park from Manuel Antonio<\/label><\/div>\n\t\t<div class=\"frm_checkbox\" id=\"frm_checkbox_13-1\">\t\t\t<label  for=\"field_eds5x-1\">\n\t\t\t<input type=\"checkbox\" name=\"item_meta[13][]\" id=\"field_eds5x-1\" value=\"Damas Mangroves by boat\"  data-reqmsg=\"Pick the tours you&#039;d like to do with us:  cannot be blank.\" data-invmsg=\"Pick the tours you&#039;d like to do with us:  no es v\u00e1lido\"   \/> Damas Mangroves by boat<\/label><\/div>\n\t\t<div class=\"frm_checkbox\" id=\"frm_checkbox_13-2\">\t\t\t<label  for=\"field_eds5x-2\">\n\t\t\t<input type=\"checkbox\" name=\"item_meta[13][]\" id=\"field_eds5x-2\" value=\"Damas Mangroves by night\"  data-reqmsg=\"Pick the tours you&#039;d like to do with us:  cannot be blank.\" data-invmsg=\"Pick the tours you&#039;d like to do with us:  no es v\u00e1lido\"   \/> Damas Mangroves by night<\/label><\/div>\n\t\t<div class=\"frm_checkbox\" id=\"frm_checkbox_13-3\">\t\t\t<label  for=\"field_eds5x-3\">\n\t\t\t<input type=\"checkbox\" name=\"item_meta[13][]\" id=\"field_eds5x-3\" value=\"Damas Mangroves by Kayak\"  data-reqmsg=\"Pick the tours you&#039;d like to do with us:  cannot be blank.\" data-invmsg=\"Pick the tours you&#039;d like to do with us:  no es v\u00e1lido\"   \/> Damas Mangroves by Kayak<\/label><\/div>\n\t\t<div class=\"frm_checkbox\" id=\"frm_checkbox_13-6\">\t\t\t<label  for=\"field_eds5x-6\">\n\t\t\t<input type=\"checkbox\" name=\"item_meta[13][]\" id=\"field_eds5x-6\" value=\"Nauyaca Waterfalls\"  data-reqmsg=\"Pick the tours you&#039;d like to do with us:  cannot be blank.\" data-invmsg=\"Pick the tours you&#039;d like to do with us:  no es v\u00e1lido\"   \/> Nauyaca Waterfalls<\/label><\/div>\n\t\t<div class=\"frm_checkbox\" id=\"frm_checkbox_13-7\">\t\t\t<label  for=\"field_eds5x-7\">\n\t\t\t<input type=\"checkbox\" name=\"item_meta[13][]\" id=\"field_eds5x-7\" value=\"Night Walk\"  data-reqmsg=\"Pick the tours you&#039;d like to do with us:  cannot be blank.\" data-invmsg=\"Pick the tours you&#039;d like to do with us:  no es v\u00e1lido\"   \/> Night Walk<\/label><\/div>\n\t\t<div class=\"frm_checkbox\" id=\"frm_checkbox_13-8\">\t\t\t<label  for=\"field_eds5x-8\">\n\t\t\t<input type=\"checkbox\" name=\"item_meta[13][]\" id=\"field_eds5x-8\" value=\"Sea Kayaking Tour\"  data-reqmsg=\"Pick the tours you&#039;d like to do with us:  cannot be blank.\" data-invmsg=\"Pick the tours you&#039;d like to do with us:  no es v\u00e1lido\"   \/> Sea Kayaking Tour<\/label><\/div>\n<\/div>\r\n    \r\n    \r\n<\/div>\n<div id=\"frm_field_11_container\" class=\"frm_form_field form-field  frm_top_container\">\r\n    <label for=\"field_iak53\" id=\"field_iak53_label\" class=\"frm_primary_label\">Date\r\n        <span class=\"frm_required\" aria-hidden=\"true\"><\/span>\r\n    <\/label>\r\n    <input type=\"text\" id=\"field_iak53\" name=\"item_meta[11]\" value=\"05\/11\/2026\"  maxlength=\"10\" data-frmval=\"05\/11\/2026\" data-invmsg=\"Date is invalid\" class=\"frm_date\" aria-invalid=\"false\"  \/>\r\n    \r\n    \r\n<\/div>\n<div id=\"frm_field_14_container\" class=\"frm_form_field form-field  frm_top_container\">\r\n    <label for=\"field_4cv8c\" id=\"field_4cv8c_label\" class=\"frm_primary_label\">Number of Passengers\r\n        <span class=\"frm_required\" aria-hidden=\"true\"><\/span>\r\n    <\/label>\r\n    <input type=\"number\" id=\"field_4cv8c\" name=\"item_meta[14]\" value=\"\" data-invmsg=\"Number is invalid\" aria-invalid=\"false\"   min=\"0\" max=\"9999999\" step=\"any\" \/>\r\n    \r\n    \r\n<\/div>\n<div id=\"frm_field_15_container\" class=\"frm_form_field form-field  frm_top_container\">\r\n    <label for=\"field_md5uy\" id=\"field_md5uy_label\" class=\"frm_primary_label\">You are staying at: \r\n        <span class=\"frm_required\" aria-hidden=\"true\"><\/span>\r\n    <\/label>\r\n    <input  type=\"text\" id=\"field_md5uy\" name=\"item_meta[15]\" value=\"\"  data-invmsg=\"Text is invalid\" aria-invalid=\"false\"   \/>\r\n    \r\n    \r\n<\/div>\n<div id=\"frm_field_17_container\" class=\"frm_form_field form-field  frm_top_container frm12 frm_first\">\r\n    <label for=\"field_ctij8\" id=\"field_ctij8_label\" class=\"frm_primary_label\">Comments\r\n        <span class=\"frm_required\" aria-hidden=\"true\"><\/span>\r\n    <\/label>\r\n    <textarea name=\"item_meta[17]\" id=\"field_ctij8\" rows=\"5\"  data-invmsg=\"Paragraph is invalid\" aria-invalid=\"false\"  ><\/textarea>\r\n    \r\n    \r\n<\/div>\n<div id=\"frm_field_19_container\" class=\"frm_form_field form-field  frm_none_container\">\r\n    <label for=\"g-recaptcha-response\" id=\"field_nowbl_label\" class=\"frm_primary_label\">Captcha\r\n        <span class=\"frm_required\" aria-hidden=\"true\"><\/span>\r\n    <\/label>\r\n    <div  id=\"field_nowbl\" class=\"frm-g-recaptcha\" data-sitekey=\"6LcsxcYhAAAAACGibGrn9XTbasGg3l4BovjDXubA\" data-size=\"invisible\" data-theme=\"light\"><\/div>\r\n    \r\n    \r\n<\/div>\n<div id=\"frm_field_21_container\" class=\"frm_form_field form-field \">\n\t<div class=\"frm_submit\">\r\n\r\n<button class=\"frm_button_submit frm_final_submit\" type=\"submit\"   formnovalidate=\"formnovalidate\">Let&#039;s do it!<\/button>\r\n\r\n\r\n<\/div>\n<\/div>\n\t<input type=\"hidden\" name=\"item_key\" value=\"\" \/>\n\t\t\t<div id=\"frm_field_23_container\">\n\t\t\t<label for=\"field_f06qg\" >\n\t\t\t\tSi eres humano, deja este campo en blanco.\t\t\t<\/label>\n\t\t\t<input  id=\"field_f06qg\" type=\"text\" class=\"frm_form_field form-field frm_verify\" name=\"item_meta[23]\" value=\"\"  \/>\n\t\t<\/div>\n\t\t<input name=\"frm_state\" type=\"hidden\" value=\"mRoPFZb52nSe6TlfbhxNXLjnPYLshfSuhRjc5aE\/NTe2hZvHPwCYZzOtse04kYt+\" \/><\/div>\n<\/fieldset>\n<\/div>\n\n<p style=\"display: none !important;\" class=\"akismet-fields-container\" data-prefix=\"ak_\"><label>&#916;<textarea name=\"ak_hp_textarea\" cols=\"45\" rows=\"8\" maxlength=\"100\"><\/textarea><\/label><input type=\"hidden\" id=\"ak_js_1\" name=\"ak_js\" value=\"189\"\/><script>\ndocument.getElementById( \"ak_js_1\" ).setAttribute( \"value\", ( new Date() ).getTime() );\n<\/script>\n<\/p><\/form>\n<\/div>\n\t\t\t\t<\/div>\n\t\t\t\t<\/div>\n\t\t\t\t\t<\/div>\n\t\t<\/div>\n\t\t\t\t\t<\/div>\n\t\t<\/section>\n\t\t\t\t<section class=\"elementor-section elementor-top-section elementor-element elementor-element-639c1364 elementor-section-boxed elementor-section-height-default elementor-section-height-default\" data-id=\"639c1364\" data-element_type=\"section\" data-e-type=\"section\">\n\t\t\t\t\t\t<div class=\"elementor-container elementor-column-gap-default\">\n\t\t\t\t\t<div class=\"elementor-column elementor-col-100 elementor-top-column elementor-element elementor-element-d4d0fd7\" data-id=\"d4d0fd7\" data-element_type=\"column\" data-e-type=\"column\">\n\t\t\t<div class=\"elementor-widget-wrap\">\n\t\t\t\t\t\t\t<\/div>\n\t\t<\/div>\n\t\t\t\t\t<\/div>\n\t\t<\/section>\n\t\t\t\t<\/div>\n\t\t","protected":false},"excerpt":{"rendered":"<div class=\"flex-1 overflow-hidden\">\n<div class=\"react-scroll-to-bottom--css-xdlkp-79elbk h-full dark:bg-gray-800\">\n<div class=\"react-scroll-to-bottom--css-xdlkp-1n7m0yu\">\n<div class=\"flex flex-col items-center text-sm dark:bg-gray-800\">\n<div class=\"w-full border-b border-black\/10 dark:border-gray-900\/50 text-gray-800 dark:text-gray-100 group bg-gray-50 dark:bg-[#444654]\">\n<div class=\"text-base gap-4 md:gap-6 m-auto md:max-w-2xl lg:max-w-2xl xl:max-w-3xl p-4 md:py-6 flex lg:px-0\">\n<div class=\"relative flex w-[calc(100%-50px)] flex-col gap-1 md:gap-3 lg:w-[calc(100%-115px)]\">\n<div class=\"flex flex-grow flex-col gap-3\">\n<div class=\"min-h-[20px] flex flex-col items-start gap-4 whitespace-pre-wrap\">\n<div class=\"markdown prose w-full break-words dark:prose-invert light\">\n<div class=\"flex-1 overflow-hidden\">\n<div class=\"react-scroll-to-bottom--css-nefwi-79elbk h-full dark:bg-gray-800\">\n<div class=\"react-scroll-to-bottom--css-nefwi-1n7m0yu\">\n<div class=\"flex flex-col items-center text-sm dark:bg-gray-800\">\n<div class=\"w-full border-b border-black\/10 dark:border-gray-900\/50 text-gray-800 dark:text-gray-100 group bg-gray-50 dark:bg-[#444654]\">\n<div class=\"text-base gap-4 md:gap-6 m-auto md:max-w-2xl lg:max-w-2xl xl:max-w-3xl p-4 md:py-6 flex lg:px-0\">\n<div class=\"relative flex w-[calc(100%-50px)] flex-col gap-1 md:gap-3 lg:w-[calc(100%-115px)]\">\n<div class=\"flex flex-grow flex-col gap-3\">\n<div class=\"min-h-[20px] flex flex-col items-start gap-4 whitespace-pre-wrap\">\n<div class=\"markdown prose w-full break-words dark:prose-invert light\">\n<h2>Disfrute de lo mejor del Parque Nacional del Corcovado desde Manuel Antonio con nuestra exclusiva excursi\u00f3n de un d\u00eda. Nuestra aventura comienza temprano por la ma\u00f1ana, cuando le recogemos en su hotel de Manuel Antonio y nos dirigimos a la zona de los manglares de Sierpe.<\/h2>\n<p>En Sierpe, embarcaremos en la lancha que nos llevar\u00e1 en un viaje de dos horas a trav\u00e9s del sistema de manglares m\u00e1s extenso de Centroam\u00e9rica y al Oc\u00e9ano Pac\u00edfico.<\/p>\n<p>Durante el paseo en barco, tendremos la oportunidad de ver grandes bancos de delfines mulares, tortugas marinas e incluso ballenas jorobadas (de julio a octubre). Antes de la salida, habr\u00e1 una sesi\u00f3n informativa sobre seguridad y un repaso del itinerario. El viaje en barco puede durar unas dos horas, dependiendo del tiempo que haga, y puede ser accidentado o delicioso, \u00a1lo que aumenta la aventura!<\/p>\n<p>Una vez que lleguemos al Parque Nacional de Corcovado, emprenderemos una sencilla caminata de dos horas, que ofrece una excelente oportunidad para avistar la diversa fauna del parque, incluidas cuatro especies de monos y dos de perezosos. Nuestros expertos gu\u00edas le ayudar\u00e1n a descubrir los secretos de este magn\u00edfico sistema de vida, donde las selvas tropicales son una magn\u00edfica red de comunicaci\u00f3n y comunidad, que ofrece una experiencia profunda e inolvidable.<\/p>\n<p>Despu\u00e9s de la caminata, haremos un descanso en el puesto de guardabosques para disfrutar de un copioso almuerzo antes de dirigirnos al segundo sendero, una caminata de 1,5 horas m\u00e1s corta y quebrada, y extenuante. Sin embargo, ofrece la oportunidad de avistar m\u00e1s animales, aprender algunos datos interesantes y detenerse en una hermosa cascada inmersa en la naturaleza, donde podr\u00e1 refrescarse en sus c\u00e1lidas aguas y deleitarse con la naturaleza salvaje que la rodea.<\/p>\n<p>Nuestra excursi\u00f3n de un d\u00eda termina con un paseo en barco de vuelta a Sierpe y luego a Manuel Antonio despu\u00e9s de la puesta de sol. Debido a las estrictas pol\u00edticas gubernamentales que limitan el n\u00famero de visitantes diarios al Parque Nacional de Corcovado, le aconsejamos que haga la reserva lo antes posible, especialmente si sus fechas no son flexibles.<\/p>\n<p>El Parque Nacional del Corcovado desde Manuel Antonio es sin duda una aventura que no querr\u00e1 perderse. \u00danase a nosotros y nos aseguraremos de que sea una experiencia inolvidable.<\/p>\n<\/div>\n<\/div>\n<\/div>\n<div class=\"flex justify-between\">\n<div class=\"text-gray-400 flex self-end lg:self-center justify-center mt-2 gap-3 md:gap-4 lg:gap-1 lg:absolute lg:top-0 lg:translate-x-full lg:right-0 lg:mt-0 lg:pl-2 visible\"><\/div>\n<\/div>\n<\/div>\n<\/div>\n<\/div>\n<div class=\"w-full h-32 md:h-48 flex-shrink-0\"><\/div>\n<\/div>\n<p>&nbsp;<\/p>\n<\/div>\n<\/div>\n<\/div>\n<div class=\"absolute bottom-0 left-0 w-full border-t md:border-t-0 dark:border-white\/20 md:border-transparent md:dark:border-transparent md:bg-vert-light-gradient bg-white dark:bg-gray-800 md:!bg-transparent dark:md:bg-vert-dark-gradient\">\n<form class=\"stretch mx-2 flex flex-row gap-3 pt-2 last:mb-2 md:last:mb-6 lg:mx-auto lg:max-w-3xl lg:pt-6\">\n<div class=\"relative flex h-full flex-1 md:flex-col\">\n<div class=\"flex ml-1 mt-1.5 md:w-full md:m-auto md:mb-2 gap-0 md:gap-2 justify-center\"><\/div>\n<\/div>\n<\/form>\n<\/div>\n<\/div>\n<\/div>\n<\/div>\n<\/div>\n<\/div>\n<\/div>\n<\/div>\n<\/div>\n<\/div>\n<\/div>\n","protected":false},"featured_media":59856,"template":"","meta":{"site-sidebar-layout":"no-sidebar","site-content-layout":"default","ast-site-content-layout":"default","site-content-style":"default","site-sidebar-style":"default","ast-global-header-display":"","ast-banner-title-visibility":"","ast-main-header-display":"","ast-hfb-above-header-display":"","ast-hfb-below-header-display":"","ast-hfb-mobile-header-display":"","site-post-title":"","ast-breadcrumbs-content":"","ast-featured-img":"","footer-sml-layout":"","ast-disable-related-posts":"","theme-transparent-header-meta":"default","adv-header-id-meta":"","stick-header-meta":"","header-above-stick-meta":"","header-main-stick-meta":"","header-below-stick-meta":"","astra-migrate-meta-layouts":"set","ast-page-background-enabled":"default","ast-page-background-meta":{"desktop":{"background-color":"var(--ast-global-color-4)","background-image":"","background-repeat":"repeat","background-position":"center center","background-size":"auto","background-attachment":"scroll","background-type":"","background-media":"","overlay-type":"","overlay-color":"","overlay-opacity":"","overlay-gradient":""},"tablet":{"background-color":"","background-image":"","background-repeat":"repeat","background-position":"center center","background-size":"auto","background-attachment":"scroll","background-type":"","background-media":"","overlay-type":"","overlay-color":"","overlay-opacity":"","overlay-gradient":""},"mobile":{"background-color":"","background-image":"","background-repeat":"repeat","background-position":"center center","background-size":"auto","background-attachment":"scroll","background-type":"","background-media":"","overlay-type":"","overlay-color":"","overlay-opacity":"","overlay-gradient":""}},"ast-content-background-meta":{"desktop":{"background-color":"var(--ast-global-color-5)","background-image":"","background-repeat":"repeat","background-position":"center center","background-size":"auto","background-attachment":"scroll","background-type":"","background-media":"","overlay-type":"","overlay-color":"","overlay-opacity":"","overlay-gradient":""},"tablet":{"background-color":"var(--ast-global-color-5)","background-image":"","background-repeat":"repeat","background-position":"center center","background-size":"auto","background-attachment":"scroll","background-type":"","background-media":"","overlay-type":"","overlay-color":"","overlay-opacity":"","overlay-gradient":""},"mobile":{"background-color":"var(--ast-global-color-5)","background-image":"","background-repeat":"repeat","background-position":"center center","background-size":"auto","background-attachment":"scroll","background-type":"","background-media":"","overlay-type":"","overlay-color":"","overlay-opacity":"","overlay-gradient":""}}},"product_brand":[],"product_cat":[123],"product_tag":[132,131,125,124,128,129,178,126,127],"class_list":{"0":"post-59854","1":"product","2":"type-product","3":"status-publish","4":"has-post-thumbnail","6":"product_cat-visitas","7":"product_tag-excursion-en-bote","8":"product_tag-manglares","9":"product_tag-monos","10":"product_tag-naturaleza","11":"product_tag-para-fotografos","12":"product_tag-para-observadores-de-aves","13":"product_tag-parque-nacional-del-corcovado","14":"product_tag-perezosos","15":"product_tag-visitas-guiadas","16":"desktop-align-left","17":"tablet-align-left","18":"mobile-align-left","20":"first","21":"instock","22":"shipping-taxable","23":"purchasable","24":"product-type-simple"},"_links":{"self":[{"href":"https:\/\/epicadventurescr.com\/es\/wp-json\/wp\/v2\/product\/59854","targetHints":{"allow":["GET"]}}],"collection":[{"href":"https:\/\/epicadventurescr.com\/es\/wp-json\/wp\/v2\/product"}],"about":[{"href":"https:\/\/epicadventurescr.com\/es\/wp-json\/wp\/v2\/types\/product"}],"version-history":[{"count":0,"href":"https:\/\/epicadventurescr.com\/es\/wp-json\/wp\/v2\/product\/59854\/revisions"}],"wp:featuredmedia":[{"embeddable":true,"href":"https:\/\/epicadventurescr.com\/es\/wp-json\/wp\/v2\/media\/59856"}],"wp:attachment":[{"href":"https:\/\/epicadventurescr.com\/es\/wp-json\/wp\/v2\/media?parent=59854"}],"wp:term":[{"taxonomy":"product_brand","embeddable":true,"href":"https:\/\/epicadventurescr.com\/es\/wp-json\/wp\/v2\/product_brand?post=59854"},{"taxonomy":"product_cat","embeddable":true,"href":"https:\/\/epicadventurescr.com\/es\/wp-json\/wp\/v2\/product_cat?post=59854"},{"taxonomy":"product_tag","embeddable":true,"href":"https:\/\/epicadventurescr.com\/es\/wp-json\/wp\/v2\/product_tag?post=59854"}],"curies":[{"name":"wp","href":"https:\/\/api.w.org\/{rel}","templated":true}]}}