{"id":59820,"date":"2023-02-24T21:11:37","date_gmt":"2023-02-24T21:11:37","guid":{"rendered":"https:\/\/webcydonia.online\/eacr\/product\/excursion-en-barco-por-los-manglares-de-isla-damas\/"},"modified":"2023-03-30T23:38:59","modified_gmt":"2023-03-30T23:38:59","slug":"excursion-en-barco-por-los-manglares-de-isla-damas","status":"publish","type":"product","link":"https:\/\/epicadventurescr.com\/es\/producto\/excursion-en-barco-por-los-manglares-de-isla-damas\/","title":{"rendered":"Excursi\u00f3n en barco por los manglares de Isla Damas"},"content":{"rendered":"\t\t<div data-elementor-type=\"product-post\" data-elementor-id=\"59820\" class=\"elementor elementor-59820 elementor-59746\" data-elementor-post-type=\"product\">\n\t\t\t\t\t\t<section class=\"elementor-section elementor-top-section elementor-element elementor-element-91174d7 elementor-section-boxed elementor-section-height-default elementor-section-height-default\" data-id=\"91174d7\" data-element_type=\"section\" data-e-type=\"section\">\n\t\t\t\t\t\t<div class=\"elementor-container elementor-column-gap-default\">\n\t\t\t\t\t<div class=\"elementor-column elementor-col-50 elementor-top-column elementor-element elementor-element-966a395\" data-id=\"966a395\" data-element_type=\"column\" data-e-type=\"column\">\n\t\t\t<div class=\"elementor-widget-wrap elementor-element-populated\">\n\t\t\t\t\t\t<div class=\"elementor-element elementor-element-544c9127 elementor-widget elementor-widget-text-editor\" data-id=\"544c9127\" data-element_type=\"widget\" data-e-type=\"widget\" data-widget_type=\"text-editor.default\">\n\t\t\t\t<div class=\"elementor-widget-container\">\n\t\t\t\t\t\t\t\t\t<h2><span data-preserver-spaces=\"true\">The Isla Damas Mangrove Tour is one of our most popular tours, and it\u2019s one of Epic Adventures\u2019 most treasured secrets.<\/span><\/h2>\r\n<span data-preserver-spaces=\"true\">If you think the Damas Island Estuary and Mangrove Boat Tour is sedentary, then let our \u00abinteractive\u00bb tropical rainforest and delicate mangrove ecosystem knock you out of your seat in your boat\u2014literally.<\/span>\r\n\r\n<span data-preserver-spaces=\"true\">This adventure in Costa Rican natural history\u2014its exotic flora and fauna\u2014is highly recommended for any naturalist, young or old, who wants to experience firsthand the pulse of the mangrove ecosystem.<\/span>\t\t\t\t\t\t\t\t<\/div>\n\t\t\t\t<\/div>\n\t\t\t\t\t<\/div>\n\t\t<\/div>\n\t\t\t\t<div class=\"elementor-column elementor-col-50 elementor-top-column elementor-element elementor-element-113de22\" data-id=\"113de22\" data-element_type=\"column\" data-e-type=\"column\">\n\t\t\t<div class=\"elementor-widget-wrap elementor-element-populated\">\n\t\t\t\t\t\t<div class=\"elementor-element elementor-element-5ca1fb1 elementor-widget elementor-widget-formidable\" data-id=\"5ca1fb1\" data-element_type=\"widget\" data-e-type=\"widget\" data-widget_type=\"formidable.default\">\n\t\t\t\t<div class=\"elementor-widget-container\">\n\t\t\t\t\t<div class=\"frm_forms  with_frm_style frm_style_formidable-style\" id=\"frm_form_2_container\" data-token=\"9ea543c843bac2e915e4412b6d8f642c\">\n<form enctype=\"multipart\/form-data\" method=\"post\" class=\"frm-show-form  frm_pro_form \" id=\"form_reserveyourtour\" data-token=\"9ea543c843bac2e915e4412b6d8f642c\">\n<div class=\"frm_form_fields \">\n<fieldset>\n<legend class=\"frm_screen_reader\">Reserve your tour!<\/legend>\r\n\r\n<div class=\"frm_fields_container\">\n<input type=\"hidden\" name=\"frm_action\" value=\"create\" \/>\n<input type=\"hidden\" name=\"form_id\" value=\"2\" \/>\n<input type=\"hidden\" name=\"frm_hide_fields_2\" id=\"frm_hide_fields_2\" value=\"\" \/>\n<input type=\"hidden\" name=\"form_key\" value=\"reserveyourtour\" \/>\n<input type=\"hidden\" name=\"item_meta[0]\" value=\"\" \/>\n<input type=\"hidden\" id=\"frm_submit_entry_2\" name=\"frm_submit_entry_2\" value=\"a863ae4ce8\" \/><input type=\"hidden\" name=\"_wp_http_referer\" value=\"\/es\/wp-json\/wp\/v2\/product\/59820\" \/><div id=\"frm_field_7_container\" class=\"frm_form_field form-field  frm_required_field frm_top_container\">\r\n    <div  id=\"field_5p532_label\" class=\"frm_primary_label\">Name\r\n        <span class=\"frm_required\" aria-hidden=\"true\">*<\/span>\r\n    <\/div>\r\n    <fieldset aria-labelledby=\"field_5p532_label\">\n\t<legend class=\"frm_screen_reader frm_hidden\">\n\t\tName\t<\/legend>\n\n\t<div  class=\"frm_combo_inputs_container\" id=\"frm_combo_inputs_container_7\" data-name-layout=\"first_last\">\n\t\t\t\t\t<div\n\t\t\t\tid=\"frm_field_7-first_container\"\n\t\t\t\tclass=\"frm_form_field form-field frm_form_subfield-first  frm6\"\n\t\t\t\tdata-sub-field-name=\"first\"\n\t\t\t>\n\t\t\t\t<label for=\"field_5p532_first\" class=\"frm_screen_reader frm_hidden\">\n\t\t\t\t\tFirst\t\t\t\t<\/label>\n\n\t\t\t\t<input  type=\"text\" id=\"field_5p532_first\" value=\"\" name=\"item_meta[7][first]\" autocomplete=\"given-name\" data-reqmsg=\"Name cannot be blank.\" aria-required=\"true\" data-invmsg=\"Name no es v\u00e1lido\" aria-invalid=\"false\"  \/><div class=\"frm_description\" id=\"frm_field_7_first_desc\">First<\/div>\t\t\t<\/div>\n\t\t\t\t\t\t<div\n\t\t\t\tid=\"frm_field_7-last_container\"\n\t\t\t\tclass=\"frm_form_field form-field frm_form_subfield-last  frm6\"\n\t\t\t\tdata-sub-field-name=\"last\"\n\t\t\t>\n\t\t\t\t<label for=\"field_5p532_last\" class=\"frm_screen_reader frm_hidden\">\n\t\t\t\t\tLast\t\t\t\t<\/label>\n\n\t\t\t\t<input  type=\"text\" id=\"field_5p532_last\" value=\"\" name=\"item_meta[7][last]\" autocomplete=\"family-name\" data-reqmsg=\"Name cannot be blank.\" aria-required=\"true\" data-invmsg=\"Name no es v\u00e1lido\" aria-invalid=\"false\"  \/><div class=\"frm_description\" id=\"frm_field_7_last_desc\">Last<\/div>\t\t\t<\/div>\n\t\t\t\t<\/div>\n<\/fieldset>\n\r\n    \r\n    \r\n<\/div>\n<div id=\"frm_field_8_container\" class=\"frm_form_field form-field  frm_required_field frm_top_container\">\r\n    <label for=\"field_xvhgf\" id=\"field_xvhgf_label\" class=\"frm_primary_label\">Email\r\n        <span class=\"frm_required\" aria-hidden=\"true\">*<\/span>\r\n    <\/label>\r\n    <input type=\"email\" id=\"field_xvhgf\" name=\"item_meta[8]\" value=\"\"  data-reqmsg=\"Email cannot be blank.\" aria-required=\"true\" data-invmsg=\"Email is invalid\" aria-invalid=\"false\"  \/>\r\n    \r\n    \r\n<\/div>\n<div id=\"frm_field_9_container\" class=\"frm_form_field form-field  frm_top_container\">\r\n    <label for=\"field_nrinz\" id=\"field_nrinz_label\" class=\"frm_primary_label\">Phone\r\n        <span class=\"frm_required\" aria-hidden=\"true\"><\/span>\r\n    <\/label>\r\n    <input type=\"tel\" id=\"field_nrinz\" name=\"item_meta[9]\" value=\"\"  data-invmsg=\"Phone is invalid\" aria-invalid=\"false\" pattern=\"((\\+\\d{1,3}(-|.| )?\\(?\\d\\)?(-| |.)?\\d{1,5})|(\\(?\\d{2,6}\\)?))(-|.| )?(\\d{3,4})(-|.| )?(\\d{4})(( x| ext)\\d{1,5}){0,1}$\"  \/>\r\n    \r\n    \r\n<\/div>\n<div id=\"frm_field_13_container\" class=\"frm_form_field form-field  frm_required_field frm_top_container frm_two_col\">\r\n    <div  id=\"field_eds5x_label\" class=\"frm_primary_label\">Pick the tours you'd like to do with us: \r\n        <span class=\"frm_required\" aria-hidden=\"true\">*<\/span>\r\n    <\/div>\r\n    <div class=\"frm_opt_container\" aria-labelledby=\"field_eds5x_label\" role=\"group\">\t\t<div class=\"frm_checkbox\" id=\"frm_checkbox_13-0\">\t\t\t<label  for=\"field_eds5x-0\">\n\t\t\t<input type=\"checkbox\" name=\"item_meta[13][]\" id=\"field_eds5x-0\" value=\"Manuel Antonio National Park Guided Walk\"  data-reqmsg=\"Pick the tours you&#039;d like to do with us:  cannot be blank.\" data-invmsg=\"Pick the tours you&#039;d like to do with us:  no es v\u00e1lido\"   aria-required=\"true\"  \/> Manuel Antonio National Park Guided Walk<\/label><\/div>\n\t\t<div class=\"frm_checkbox\" id=\"frm_checkbox_13-4\">\t\t\t<label  for=\"field_eds5x-4\">\n\t\t\t<input type=\"checkbox\" name=\"item_meta[13][]\" id=\"field_eds5x-4\" value=\"Rainmaker Guided Walk\"  data-reqmsg=\"Pick the tours you&#039;d like to do with us:  cannot be blank.\" data-invmsg=\"Pick the tours you&#039;d like to do with us:  no es v\u00e1lido\"   \/> Rainmaker Guided Walk<\/label><\/div>\n\t\t<div class=\"frm_checkbox\" id=\"frm_checkbox_13-5\">\t\t\t<label  for=\"field_eds5x-5\">\n\t\t\t<input type=\"checkbox\" name=\"item_meta[13][]\" id=\"field_eds5x-5\" value=\"Corcovado National Park from Manuel Antonio\"  data-reqmsg=\"Pick the tours you&#039;d like to do with us:  cannot be blank.\" data-invmsg=\"Pick the tours you&#039;d like to do with us:  no es v\u00e1lido\"   \/> Corcovado National Park from Manuel Antonio<\/label><\/div>\n\t\t<div class=\"frm_checkbox\" id=\"frm_checkbox_13-1\">\t\t\t<label  for=\"field_eds5x-1\">\n\t\t\t<input type=\"checkbox\" name=\"item_meta[13][]\" id=\"field_eds5x-1\" value=\"Damas Mangroves by boat\"  data-reqmsg=\"Pick the tours you&#039;d like to do with us:  cannot be blank.\" data-invmsg=\"Pick the tours you&#039;d like to do with us:  no es v\u00e1lido\"   \/> Damas Mangroves by boat<\/label><\/div>\n\t\t<div class=\"frm_checkbox\" id=\"frm_checkbox_13-2\">\t\t\t<label  for=\"field_eds5x-2\">\n\t\t\t<input type=\"checkbox\" name=\"item_meta[13][]\" id=\"field_eds5x-2\" value=\"Damas Mangroves by night\"  data-reqmsg=\"Pick the tours you&#039;d like to do with us:  cannot be blank.\" data-invmsg=\"Pick the tours you&#039;d like to do with us:  no es v\u00e1lido\"   \/> Damas Mangroves by night<\/label><\/div>\n\t\t<div class=\"frm_checkbox\" id=\"frm_checkbox_13-3\">\t\t\t<label  for=\"field_eds5x-3\">\n\t\t\t<input type=\"checkbox\" name=\"item_meta[13][]\" id=\"field_eds5x-3\" value=\"Damas Mangroves by Kayak\"  data-reqmsg=\"Pick the tours you&#039;d like to do with us:  cannot be blank.\" data-invmsg=\"Pick the tours you&#039;d like to do with us:  no es v\u00e1lido\"   \/> Damas Mangroves by Kayak<\/label><\/div>\n\t\t<div class=\"frm_checkbox\" id=\"frm_checkbox_13-6\">\t\t\t<label  for=\"field_eds5x-6\">\n\t\t\t<input type=\"checkbox\" name=\"item_meta[13][]\" id=\"field_eds5x-6\" value=\"Nauyaca Waterfalls\"  data-reqmsg=\"Pick the tours you&#039;d like to do with us:  cannot be blank.\" data-invmsg=\"Pick the tours you&#039;d like to do with us:  no es v\u00e1lido\"   \/> Nauyaca Waterfalls<\/label><\/div>\n\t\t<div class=\"frm_checkbox\" id=\"frm_checkbox_13-7\">\t\t\t<label  for=\"field_eds5x-7\">\n\t\t\t<input type=\"checkbox\" name=\"item_meta[13][]\" id=\"field_eds5x-7\" value=\"Night Walk\"  data-reqmsg=\"Pick the tours you&#039;d like to do with us:  cannot be blank.\" data-invmsg=\"Pick the tours you&#039;d like to do with us:  no es v\u00e1lido\"   \/> Night Walk<\/label><\/div>\n\t\t<div class=\"frm_checkbox\" id=\"frm_checkbox_13-8\">\t\t\t<label  for=\"field_eds5x-8\">\n\t\t\t<input type=\"checkbox\" name=\"item_meta[13][]\" id=\"field_eds5x-8\" value=\"Sea Kayaking Tour\"  data-reqmsg=\"Pick the tours you&#039;d like to do with us:  cannot be blank.\" data-invmsg=\"Pick the tours you&#039;d like to do with us:  no es v\u00e1lido\"   \/> Sea Kayaking Tour<\/label><\/div>\n<\/div>\r\n    \r\n    \r\n<\/div>\n<div id=\"frm_field_11_container\" class=\"frm_form_field form-field  frm_top_container\">\r\n    <label for=\"field_iak53\" id=\"field_iak53_label\" class=\"frm_primary_label\">Date\r\n        <span class=\"frm_required\" aria-hidden=\"true\"><\/span>\r\n    <\/label>\r\n    <input type=\"text\" id=\"field_iak53\" name=\"item_meta[11]\" value=\"04\/21\/2026\"  maxlength=\"10\" data-frmval=\"04\/21\/2026\" data-invmsg=\"Date is invalid\" class=\"frm_date\" aria-invalid=\"false\"  \/>\r\n    \r\n    \r\n<\/div>\n<div id=\"frm_field_14_container\" class=\"frm_form_field form-field  frm_top_container\">\r\n    <label for=\"field_4cv8c\" id=\"field_4cv8c_label\" class=\"frm_primary_label\">Number of Passengers\r\n        <span class=\"frm_required\" aria-hidden=\"true\"><\/span>\r\n    <\/label>\r\n    <input type=\"number\" id=\"field_4cv8c\" name=\"item_meta[14]\" value=\"\" data-invmsg=\"Number is invalid\" aria-invalid=\"false\"   min=\"0\" max=\"9999999\" step=\"any\" \/>\r\n    \r\n    \r\n<\/div>\n<div id=\"frm_field_15_container\" class=\"frm_form_field form-field  frm_top_container\">\r\n    <label for=\"field_md5uy\" id=\"field_md5uy_label\" class=\"frm_primary_label\">You are staying at: \r\n        <span class=\"frm_required\" aria-hidden=\"true\"><\/span>\r\n    <\/label>\r\n    <input  type=\"text\" id=\"field_md5uy\" name=\"item_meta[15]\" value=\"\"  data-invmsg=\"Text is invalid\" aria-invalid=\"false\"   \/>\r\n    \r\n    \r\n<\/div>\n<div id=\"frm_field_17_container\" class=\"frm_form_field form-field  frm_top_container frm12 frm_first\">\r\n    <label for=\"field_ctij8\" id=\"field_ctij8_label\" class=\"frm_primary_label\">Comments\r\n        <span class=\"frm_required\" aria-hidden=\"true\"><\/span>\r\n    <\/label>\r\n    <textarea name=\"item_meta[17]\" id=\"field_ctij8\" rows=\"5\"  data-invmsg=\"Paragraph is invalid\" aria-invalid=\"false\"  ><\/textarea>\r\n    \r\n    \r\n<\/div>\n<div id=\"frm_field_19_container\" class=\"frm_form_field form-field  frm_none_container\">\r\n    <label for=\"g-recaptcha-response\" id=\"field_nowbl_label\" class=\"frm_primary_label\">Captcha\r\n        <span class=\"frm_required\" aria-hidden=\"true\"><\/span>\r\n    <\/label>\r\n    <div  id=\"field_nowbl\" class=\"frm-g-recaptcha\" data-sitekey=\"6LcsxcYhAAAAACGibGrn9XTbasGg3l4BovjDXubA\" data-size=\"invisible\" data-theme=\"light\"><\/div>\r\n    \r\n    \r\n<\/div>\n<div id=\"frm_field_21_container\" class=\"frm_form_field form-field \">\n\t<div class=\"frm_submit\">\r\n\r\n<button class=\"frm_button_submit frm_final_submit\" type=\"submit\"   formnovalidate=\"formnovalidate\">Let&#039;s do it!<\/button>\r\n\r\n\r\n<\/div>\n<\/div>\n\t<input type=\"hidden\" name=\"item_key\" value=\"\" \/>\n\t\t\t<div id=\"frm_field_23_container\">\n\t\t\t<label for=\"field_ycf6k\" >\n\t\t\t\tSi eres humano, deja este campo en blanco.\t\t\t<\/label>\n\t\t\t<input  id=\"field_ycf6k\" type=\"text\" class=\"frm_form_field form-field frm_verify\" name=\"item_meta[23]\" value=\"\"  \/>\n\t\t<\/div>\n\t\t<input name=\"frm_state\" type=\"hidden\" value=\"mRoPFZb52nSe6TlfbhxNXCnUeE4EqyJp7ZXvaXoNwVq2hZvHPwCYZzOtse04kYt+\" \/><\/div>\n<\/fieldset>\n<\/div>\n\n<p style=\"display: none !important;\" class=\"akismet-fields-container\" data-prefix=\"ak_\"><label>&#916;<textarea name=\"ak_hp_textarea\" cols=\"45\" rows=\"8\" maxlength=\"100\"><\/textarea><\/label><input type=\"hidden\" id=\"ak_js_1\" name=\"ak_js\" value=\"34\"\/><script>document.getElementById( \"ak_js_1\" ).setAttribute( \"value\", ( new Date() ).getTime() );<\/script><\/p><\/form>\n<\/div>\n\t\t\t\t<\/div>\n\t\t\t\t<\/div>\n\t\t\t\t\t<\/div>\n\t\t<\/div>\n\t\t\t\t\t<\/div>\n\t\t<\/section>\n\t\t\t\t<section class=\"elementor-section elementor-top-section elementor-element elementor-element-170824fa elementor-section-boxed elementor-section-height-default elementor-section-height-default\" data-id=\"170824fa\" data-element_type=\"section\" data-e-type=\"section\">\n\t\t\t\t\t\t<div class=\"elementor-container elementor-column-gap-default\">\n\t\t\t\t\t<div class=\"elementor-column elementor-col-100 elementor-top-column elementor-element elementor-element-4eddfa2e\" data-id=\"4eddfa2e\" data-element_type=\"column\" data-e-type=\"column\">\n\t\t\t<div class=\"elementor-widget-wrap\">\n\t\t\t\t\t\t\t<\/div>\n\t\t<\/div>\n\t\t\t\t\t<\/div>\n\t\t<\/section>\n\t\t\t\t<\/div>\n\t\t","protected":false},"excerpt":{"rendered":"<div class=\"flex-1 overflow-hidden\">\n<div class=\"react-scroll-to-bottom--css-xdlkp-79elbk h-full dark:bg-gray-800\">\n<div class=\"react-scroll-to-bottom--css-xdlkp-1n7m0yu\">\n<div class=\"flex flex-col items-center text-sm dark:bg-gray-800\">\n<div class=\"w-full border-b border-black\/10 dark:border-gray-900\/50 text-gray-800 dark:text-gray-100 group bg-gray-50 dark:bg-[#444654]\">\n<div class=\"text-base gap-4 md:gap-6 m-auto md:max-w-2xl lg:max-w-2xl xl:max-w-3xl p-4 md:py-6 flex lg:px-0\">\n<div class=\"relative flex w-[calc(100%-50px)] flex-col gap-1 md:gap-3 lg:w-[calc(100%-115px)]\">\n<div class=\"flex flex-grow flex-col gap-3\">\n<div class=\"min-h-[20px] flex flex-col items-start gap-4 whitespace-pre-wrap\">\n<div class=\"markdown prose w-full break-words dark:prose-invert light\">\n<h2>Experimente las maravillas de la excursi\u00f3n a los manglares de Isla Damas con nuestros gu\u00edas y naturalistas biling\u00fces de primera categor\u00eda. Rel\u00e1jese en nuestras embarcaciones de alta tecnolog\u00eda y ultra silenciosas mientras la fauna se acerca a usted, \u00a1a veces directamente a la embarcaci\u00f3n!<\/h2>\n<p>Observe a familias de curiosos monos mientras migran por el ecosistema de manglares en busca de comida y aventuras. Conozca las formas \u00fanicas en que los \u00e1rboles ex\u00f3ticos de Costa Rica se sostienen durante d\u00e9cadas de crecimiento al tiempo que reponen el medio ambiente en todo el mundo.<\/p>\n<p>Recorra hect\u00e1reas de pr\u00edstino estuario costarricense protegido y descubra los secretos de la vital ecoestructura de los manglares, tanto en el pasado como en el presente.<\/p>\n<p>Mientras serpentea tranquilamente por los canales de manglares, sus experimentados gu\u00edas le indicar\u00e1n la presencia de caimanes, perezosos, cocodrilos, boas, monos cariblancos, garcetas y otras especies salvajes.<\/p>\n<p>Termine su aventura con una relajante y gratificante comida en un restaurante local \u00abmuy popular\u00bb, disfrutando de los sabores t\u00edpicos de la cocina costarricense.<\/p>\n<p>No pierda la oportunidad de conocer este delicado tesoro que los costarricenses se esfuerzan tanto por conservar. Ay\u00fadenos a proteger este intrincado ecosistema, vital para el equilibrio del h\u00e1bitat mundial.<\/p>\n<\/div>\n<\/div>\n<\/div>\n<div class=\"flex justify-between\">\n<div class=\"text-gray-400 flex self-end lg:self-center justify-center mt-2 gap-3 md:gap-4 lg:gap-1 lg:absolute lg:top-0 lg:translate-x-full lg:right-0 lg:mt-0 lg:pl-2 visible\"><\/div>\n<\/div>\n<\/div>\n<\/div>\n<\/div>\n<div class=\"w-full h-32 md:h-48 flex-shrink-0\"><\/div>\n<\/div>\n<\/div>\n<\/div>\n<\/div>\n<div class=\"absolute bottom-0 left-0 w-full border-t md:border-t-0 dark:border-white\/20 md:border-transparent md:dark:border-transparent md:bg-vert-light-gradient bg-white dark:bg-gray-800 md:!bg-transparent dark:md:bg-vert-dark-gradient\">\n<form class=\"stretch mx-2 flex flex-row gap-3 pt-2 last:mb-2 md:last:mb-6 lg:mx-auto lg:max-w-3xl lg:pt-6\">\n<div class=\"relative flex h-full flex-1 md:flex-col\">\n<div class=\"flex ml-1 mt-1.5 md:w-full md:m-auto md:mb-2 gap-0 md:gap-2 justify-center\"><button class=\"btn flex justify-center gap-2 btn-neutral border-0 md:border\">Regenerar la respuesta<\/button><\/div>\n<\/div>\n<\/form>\n<\/div>\n","protected":false},"featured_media":62802,"template":"","meta":{"site-sidebar-layout":"no-sidebar","site-content-layout":"default","ast-site-content-layout":"default","site-content-style":"default","site-sidebar-style":"default","ast-global-header-display":"","ast-banner-title-visibility":"","ast-main-header-display":"","ast-hfb-above-header-display":"","ast-hfb-below-header-display":"","ast-hfb-mobile-header-display":"","site-post-title":"","ast-breadcrumbs-content":"","ast-featured-img":"","footer-sml-layout":"","ast-disable-related-posts":"","theme-transparent-header-meta":"default","adv-header-id-meta":"","stick-header-meta":"","header-above-stick-meta":"","header-main-stick-meta":"","header-below-stick-meta":"","astra-migrate-meta-layouts":"default","ast-page-background-enabled":"default","ast-page-background-meta":{"desktop":{"background-color":"var(--ast-global-color-4)","background-image":"","background-repeat":"repeat","background-position":"center center","background-size":"auto","background-attachment":"scroll","background-type":"","background-media":"","overlay-type":"","overlay-color":"","overlay-opacity":"","overlay-gradient":""},"tablet":{"background-color":"","background-image":"","background-repeat":"repeat","background-position":"center center","background-size":"auto","background-attachment":"scroll","background-type":"","background-media":"","overlay-type":"","overlay-color":"","overlay-opacity":"","overlay-gradient":""},"mobile":{"background-color":"","background-image":"","background-repeat":"repeat","background-position":"center center","background-size":"auto","background-attachment":"scroll","background-type":"","background-media":"","overlay-type":"","overlay-color":"","overlay-opacity":"","overlay-gradient":""}},"ast-content-background-meta":{"desktop":{"background-color":"var(--ast-global-color-5)","background-image":"","background-repeat":"repeat","background-position":"center center","background-size":"auto","background-attachment":"scroll","background-type":"","background-media":"","overlay-type":"","overlay-color":"","overlay-opacity":"","overlay-gradient":""},"tablet":{"background-color":"var(--ast-global-color-5)","background-image":"","background-repeat":"repeat","background-position":"center center","background-size":"auto","background-attachment":"scroll","background-type":"","background-media":"","overlay-type":"","overlay-color":"","overlay-opacity":"","overlay-gradient":""},"mobile":{"background-color":"var(--ast-global-color-5)","background-image":"","background-repeat":"repeat","background-position":"center center","background-size":"auto","background-attachment":"scroll","background-type":"","background-media":"","overlay-type":"","overlay-color":"","overlay-opacity":"","overlay-gradient":""}}},"product_brand":[],"product_cat":[123],"product_tag":[132,133,130,131,125,124,128,129,126,127],"class_list":{"0":"post-59820","1":"product","2":"type-product","3":"status-publish","4":"has-post-thumbnail","6":"product_cat-visitas","7":"product_tag-excursion-en-bote","8":"product_tag-excursion-en-kayak","9":"product_tag-isla-damas-es","10":"product_tag-manglares","11":"product_tag-monos","12":"product_tag-naturaleza","13":"product_tag-para-fotografos","14":"product_tag-para-observadores-de-aves","15":"product_tag-perezosos","16":"product_tag-visitas-guiadas","17":"desktop-align-left","18":"tablet-align-left","19":"mobile-align-left","21":"first","22":"instock","23":"shipping-taxable","24":"purchasable","25":"product-type-simple"},"_links":{"self":[{"href":"https:\/\/epicadventurescr.com\/es\/wp-json\/wp\/v2\/product\/59820","targetHints":{"allow":["GET"]}}],"collection":[{"href":"https:\/\/epicadventurescr.com\/es\/wp-json\/wp\/v2\/product"}],"about":[{"href":"https:\/\/epicadventurescr.com\/es\/wp-json\/wp\/v2\/types\/product"}],"version-history":[{"count":0,"href":"https:\/\/epicadventurescr.com\/es\/wp-json\/wp\/v2\/product\/59820\/revisions"}],"wp:featuredmedia":[{"embeddable":true,"href":"https:\/\/epicadventurescr.com\/es\/wp-json\/wp\/v2\/media\/62802"}],"wp:attachment":[{"href":"https:\/\/epicadventurescr.com\/es\/wp-json\/wp\/v2\/media?parent=59820"}],"wp:term":[{"taxonomy":"product_brand","embeddable":true,"href":"https:\/\/epicadventurescr.com\/es\/wp-json\/wp\/v2\/product_brand?post=59820"},{"taxonomy":"product_cat","embeddable":true,"href":"https:\/\/epicadventurescr.com\/es\/wp-json\/wp\/v2\/product_cat?post=59820"},{"taxonomy":"product_tag","embeddable":true,"href":"https:\/\/epicadventurescr.com\/es\/wp-json\/wp\/v2\/product_tag?post=59820"}],"curies":[{"name":"wp","href":"https:\/\/api.w.org\/{rel}","templated":true}]}}