{"id":62032,"date":"2024-02-13T00:23:50","date_gmt":"2024-02-13T00:23:50","guid":{"rendered":"https:\/\/epicadventurescr.com\/quienes-somos\/"},"modified":"2024-02-14T22:46:02","modified_gmt":"2024-02-14T22:46:02","slug":"quienes-somos","status":"publish","type":"page","link":"https:\/\/epicadventurescr.com\/es\/quienes-somos\/","title":{"rendered":"Qui\u00e9nes somos"},"content":{"rendered":"\t\t<div data-elementor-type=\"wp-page\" data-elementor-id=\"62032\" class=\"elementor elementor-62032 elementor-61902\" data-elementor-post-type=\"page\">\n\t\t\t\t\t\t<section class=\"elementor-section elementor-top-section elementor-element elementor-element-c0c97a6 elementor-section-boxed elementor-section-height-default elementor-section-height-default\" data-id=\"c0c97a6\" data-element_type=\"section\" data-e-type=\"section\">\n\t\t\t\t\t\t<div class=\"elementor-container elementor-column-gap-default\">\n\t\t\t\t\t<div class=\"elementor-column elementor-col-100 elementor-top-column elementor-element elementor-element-0d7da45\" data-id=\"0d7da45\" data-element_type=\"column\" data-e-type=\"column\">\n\t\t\t<div class=\"elementor-widget-wrap\">\n\t\t\t\t\t\t\t<\/div>\n\t\t<\/div>\n\t\t\t\t\t<\/div>\n\t\t<\/section>\n\t\t\t\t<section class=\"elementor-section elementor-top-section elementor-element elementor-element-ed2a189 elementor-section-boxed elementor-section-height-default elementor-section-height-default\" data-id=\"ed2a189\" data-element_type=\"section\" data-e-type=\"section\">\n\t\t\t\t\t\t<div class=\"elementor-container elementor-column-gap-default\">\n\t\t\t\t\t<div class=\"elementor-column elementor-col-50 elementor-top-column elementor-element elementor-element-2fee2a5\" data-id=\"2fee2a5\" data-element_type=\"column\" data-e-type=\"column\">\n\t\t\t<div class=\"elementor-widget-wrap elementor-element-populated\">\n\t\t\t\t\t\t<div class=\"elementor-element elementor-element-85121f5 elementor-widget elementor-widget-text-editor\" data-id=\"85121f5\" data-element_type=\"widget\" data-e-type=\"widget\" data-widget_type=\"text-editor.default\">\n\t\t\t\t<div class=\"elementor-widget-container\">\n\t\t\t\t\t\t\t\t\t<h3>Misi\u00f3n:<\/h3>\n<p>Nuestra misi\u00f3n en Epic Adventures Costa Rica es ser l\u00edderes en la industria del turismo en Costa Rica, ofreciendo experiencias \u00fanicas y memorables que conecten a nuestros clientes con la belleza natural, la vibrante cultura y la excepcional hospitalidad de este pa\u00eds.<span style=\"font-style: inherit; font-weight: inherit; color: var( --e-global-color-text ); font-family: var( --e-global-typography-text-font-family ), Sans-serif;\">Nos comprometemos a prestar servicios tur\u00edsticos de la m\u00e1xima calidad, dise\u00f1ados para satisfacer las necesidades y expectativas de nuestros clientes, al tiempo que contribuimos positivamente al desarrollo sostenible de las comunidades locales y a la conservaci\u00f3n del medio ambiente.<\/span><\/p>\n<p><strong>Impulsados por la pasi\u00f3n por nuestro pa\u00eds y el deseo de compartir su riqueza con el mundo, nos esforzamos por ser una empresa reconocida por nuestra excelencia, \u00e9tica empresarial y compromiso con la autenticidad, la responsabilidad y la satisfacci\u00f3n del cliente.<\/strong><\/p>\n\t\t\t\t\t\t\t\t<\/div>\n\t\t\t\t<\/div>\n\t\t\t\t\t<\/div>\n\t\t<\/div>\n\t\t\t\t<div class=\"elementor-column elementor-col-50 elementor-top-column elementor-element elementor-element-87f4ecf\" data-id=\"87f4ecf\" data-element_type=\"column\" data-e-type=\"column\">\n\t\t\t<div class=\"elementor-widget-wrap elementor-element-populated\">\n\t\t\t\t\t\t<div class=\"elementor-element elementor-element-5187758 elementor-widget elementor-widget-text-editor\" data-id=\"5187758\" data-element_type=\"widget\" data-e-type=\"widget\" data-widget_type=\"text-editor.default\">\n\t\t\t\t<div class=\"elementor-widget-container\">\n\t\t\t\t\t\t\t\t\t<h3>Visi\u00f3n:<\/h3>\n<p>En Epic Adventures Costa Rica, nos visualizamos como el principal referente de la industria tur\u00edstica en Costa Rica, reconocidos nacional e internacionalmente por nuestra excelencia en la creaci\u00f3n de experiencias de viaje extraordinarias.<\/p>\n<p>Nos esforzamos por ser pioneros en innovaci\u00f3n tur\u00edstica, destacando por nuestra creatividad a la hora de crear itinerarios personalizados que permitan a nuestros clientes descubrir la diversidad y la magia de Costa Rica de una forma aut\u00e9ntica y memorable.<\/p>\n<p><strong>Aspiramos a ser una empresa que inspire a viajeros de todo el mundo a explorar y apreciar la belleza natural, la vibrante cultura y la biodiversidad \u00fanica de nuestro pa\u00eds,<\/strong> contribuyendo as\u00ed al crecimiento sostenible del turismo y al bienestar de las comunidades.<\/p>\n\t\t\t\t\t\t\t\t<\/div>\n\t\t\t\t<\/div>\n\t\t\t\t\t<\/div>\n\t\t<\/div>\n\t\t\t\t\t<\/div>\n\t\t<\/section>\n\t\t\t\t<section class=\"elementor-section elementor-top-section elementor-element elementor-element-3f4febf elementor-section-boxed elementor-section-height-default elementor-section-height-default\" data-id=\"3f4febf\" data-element_type=\"section\" data-e-type=\"section\">\n\t\t\t\t\t\t<div class=\"elementor-container elementor-column-gap-default\">\n\t\t\t\t\t<div class=\"elementor-column elementor-col-100 elementor-top-column elementor-element elementor-element-32d0af9\" data-id=\"32d0af9\" data-element_type=\"column\" data-e-type=\"column\">\n\t\t\t<div class=\"elementor-widget-wrap elementor-element-populated\">\n\t\t\t\t\t\t<div class=\"elementor-element elementor-element-96e1f69 elementor-widget elementor-widget-text-editor\" data-id=\"96e1f69\" data-element_type=\"widget\" data-e-type=\"widget\" data-widget_type=\"text-editor.default\">\n\t\t\t\t<div class=\"elementor-widget-container\">\n\t\t\t\t\t\t\t\t\t<h3>Valores:<\/h3>\n<p><strong>Sostenibilidad:  <\/strong><\/p>\n<p>Nos comprometemos a operar de forma responsable, a minimizar nuestro impacto medioambiental y cultural y a promover pr\u00e1cticas sostenibles en todas nuestras operaciones tur\u00edsticas.<\/p>\n<p><strong>Autenticidad:  <\/strong><\/p>\n<p>Valoramos la autenticidad en nuestras experiencias tur\u00edsticas, buscando conectar a nuestros clientes con la verdadera esencia de Costa Rica, su cultura, su gente y su entorno natural.<\/p>\n<p><strong>Excelencia:  <\/strong><\/p>\n<p>Nos esforzamos por ofrecer servicios tur\u00edsticos de la m\u00e1xima calidad, superando las expectativas de nuestros clientes y garantizando su satisfacci\u00f3n en cada paso de su viaje.<\/p>\n<p><strong>Compromiso comunitario:  <\/strong><\/p>\n<p>Valoramos y respetamos a las comunidades locales, colaborando activa y responsablemente con ellas para promover su desarrollo socioecon\u00f3mico y cultural.<\/p>\n<p><strong>Seguridad y bienestar:  <\/strong><\/p>\n<p>Damos prioridad a la seguridad y el bienestar de nuestros clientes y empleados en todas nuestras operaciones, cumpliendo las normas de seguridad y salud m\u00e1s estrictas.<\/p>\n<p><strong>Pasi\u00f3n por Costa Rica:  <\/strong><\/p>\n<p>Nos apasiona compartir la belleza y diversidad de Costa Rica con el mundo, inspirando a otros a descubrir y apreciar su riqueza natural y cultural.<\/p>\n<p><strong>Integridad:  <\/strong><\/p>\n<p>Actuamos con honradez, transparencia y \u00e9tica en todas nuestras relaciones y compromisos empresariales, manteniendo la confianza de nuestros clientes, empleados y socios.<\/p>\n\t\t\t\t\t\t\t\t<\/div>\n\t\t\t\t<\/div>\n\t\t\t\t\t<\/div>\n\t\t<\/div>\n\t\t\t\t\t<\/div>\n\t\t<\/section>\n\t\t\t\t<\/div>\n\t\t","protected":false},"excerpt":{"rendered":"<p>Misi\u00f3n: Nuestra misi\u00f3n en Epic Adventures Costa Rica es ser l\u00edderes en la industria del turismo en Costa Rica, ofreciendo experiencias \u00fanicas y memorables que conecten a nuestros clientes con la belleza natural, la vibrante cultura y la excepcional hospitalidad de este pa\u00eds.Nos comprometemos a prestar servicios tur\u00edsticos de la m\u00e1xima calidad, dise\u00f1ados para satisfacer [&hellip;]<\/p>\n","protected":false},"author":2,"featured_media":0,"parent":0,"menu_order":0,"comment_status":"closed","ping_status":"closed","template":"","meta":{"site-sidebar-layout":"no-sidebar","site-content-layout":"page-builder","ast-site-content-layout":"full-width-container","site-content-style":"default","site-sidebar-style":"default","ast-global-header-display":"","ast-banner-title-visibility":"","ast-main-header-display":"","ast-hfb-above-header-display":"","ast-hfb-below-header-display":"","ast-hfb-mobile-header-display":"","site-post-title":"disabled","ast-breadcrumbs-content":"","ast-featured-img":"disabled","footer-sml-layout":"","ast-disable-related-posts":"","theme-transparent-header-meta":"","adv-header-id-meta":"","stick-header-meta":"","header-above-stick-meta":"","header-main-stick-meta":"","header-below-stick-meta":"","astra-migrate-meta-layouts":"default","ast-page-background-enabled":"default","ast-page-background-meta":{"desktop":{"background-color":"var(--ast-global-color-4)","background-image":"","background-repeat":"repeat","background-position":"center center","background-size":"auto","background-attachment":"scroll","background-type":"","background-media":"","overlay-type":"","overlay-color":"","overlay-opacity":"","overlay-gradient":""},"tablet":{"background-color":"","background-image":"","background-repeat":"repeat","background-position":"center center","background-size":"auto","background-attachment":"scroll","background-type":"","background-media":"","overlay-type":"","overlay-color":"","overlay-opacity":"","overlay-gradient":""},"mobile":{"background-color":"","background-image":"","background-repeat":"repeat","background-position":"center center","background-size":"auto","background-attachment":"scroll","background-type":"","background-media":"","overlay-type":"","overlay-color":"","overlay-opacity":"","overlay-gradient":""}},"ast-content-background-meta":{"desktop":{"background-color":"var(--ast-global-color-5)","background-image":"","background-repeat":"repeat","background-position":"center center","background-size":"auto","background-attachment":"scroll","background-type":"","background-media":"","overlay-type":"","overlay-color":"","overlay-opacity":"","overlay-gradient":""},"tablet":{"background-color":"var(--ast-global-color-5)","background-image":"","background-repeat":"repeat","background-position":"center center","background-size":"auto","background-attachment":"scroll","background-type":"","background-media":"","overlay-type":"","overlay-color":"","overlay-opacity":"","overlay-gradient":""},"mobile":{"background-color":"var(--ast-global-color-5)","background-image":"","background-repeat":"repeat","background-position":"center center","background-size":"auto","background-attachment":"scroll","background-type":"","background-media":"","overlay-type":"","overlay-color":"","overlay-opacity":"","overlay-gradient":""}},"footnotes":""},"class_list":["post-62032","page","type-page","status-publish","hentry"],"_links":{"self":[{"href":"https:\/\/epicadventurescr.com\/es\/wp-json\/wp\/v2\/pages\/62032","targetHints":{"allow":["GET"]}}],"collection":[{"href":"https:\/\/epicadventurescr.com\/es\/wp-json\/wp\/v2\/pages"}],"about":[{"href":"https:\/\/epicadventurescr.com\/es\/wp-json\/wp\/v2\/types\/page"}],"author":[{"embeddable":true,"href":"https:\/\/epicadventurescr.com\/es\/wp-json\/wp\/v2\/users\/2"}],"replies":[{"embeddable":true,"href":"https:\/\/epicadventurescr.com\/es\/wp-json\/wp\/v2\/comments?post=62032"}],"version-history":[{"count":0,"href":"https:\/\/epicadventurescr.com\/es\/wp-json\/wp\/v2\/pages\/62032\/revisions"}],"wp:attachment":[{"href":"https:\/\/epicadventurescr.com\/es\/wp-json\/wp\/v2\/media?parent=62032"}],"curies":[{"name":"wp","href":"https:\/\/api.w.org\/{rel}","templated":true}]}}